{"id":1192,"date":"2021-12-05T02:15:16","date_gmt":"2021-12-05T02:15:16","guid":{"rendered":"https:\/\/www.singularity-agence.com\/?page_id=1192"},"modified":"2022-04-20T10:47:49","modified_gmt":"2022-04-20T10:47:49","slug":"accompagnement-litteraire","status":"publish","type":"page","link":"https:\/\/www.singularity-agence.com\/en\/accompagnement-litteraire","title":{"rendered":"Literary accompaniment"},"content":{"rendered":"<div data-elementor-type=\"wp-page\" data-elementor-id=\"1192\" class=\"elementor elementor-1192\">\n\t\t\t\t\t\t<section class=\"elementor-section elementor-top-section elementor-element elementor-element-9651e36 elementor-section-boxed elementor-section-height-default elementor-section-height-default\" data-id=\"9651e36\" data-element_type=\"section\">\n\t\t\t\t\t\t\t<div class=\"elementor-background-overlay\"><\/div>\n\t\t\t\t\t\t\t<div class=\"elementor-container elementor-column-gap-default\">\n\t\t\t\t\t<div class=\"elementor-column elementor-col-100 elementor-top-column elementor-element elementor-element-2e51e88\" data-id=\"2e51e88\" data-element_type=\"column\">\n\t\t\t<div class=\"elementor-widget-wrap elementor-element-populated\">\n\t\t\t\t\t\t<div class=\"elementor-element elementor-element-09cc5b6 elementor-cta--skin-classic elementor-animated-content elementor-bg-transform elementor-bg-transform-zoom-in elementor-widget elementor-widget-call-to-action\" data-id=\"09cc5b6\" data-element_type=\"widget\" data-widget_type=\"call-to-action.default\">\n\t\t\t\t<div class=\"elementor-widget-container\">\n\t\t\t\t\t\t\t<a class=\"elementor-cta\" href=\"https:\/\/wa.me\/message\/JOHAM5JDDJJRO1\">\n\t\t\t\t\t<div class=\"elementor-cta__bg-wrapper\">\n\t\t\t\t<div class=\"elementor-cta__bg elementor-bg\" style=\"background-image: url(https:\/\/www.singularity-agence.com\/wp-content\/uploads\/2021\/12\/pexels-pixabay-261909-scaled.jpg);\"><\/div>\n\t\t\t\t<div class=\"elementor-cta__bg-overlay\"><\/div>\n\t\t\t<\/div>\n\t\t\t\t\t\t\t<div class=\"elementor-cta__content\">\n\t\t\t\t\n\t\t\t\t<h1 class=\"elementor-cta__title elementor-cta__content-item elementor-content-item\">Literary accompaniment<\/h1>\n\t\t\t\t\t\t\t\t\t<div class=\"elementor-cta__description elementor-cta__content-item elementor-content-item\">\n\t\t\t\t\t\t\u00cates-vous \u00e9crivains, \u00e9tudiants, r\u00e9dacteurs de projets ou tout autre particulier ? Nous vous accompagnons dans vos travaux litt\u00e9raires. Dans un premier temps, nos professionnels vous aident \u00e0 r\u00e9ussir vos projets d'\u00e9criture dans les r\u00e8gles de l'art. Dans un second temps, nous portons un regard critique sur vos travaux litt\u00e9raires pour vous aider \u00e0 perfectionner votre \u00e9criture.\t\t\t\t\t<\/div>\n\t\t\t\t\n\t\t\t\t\t\t\t\t\t<div class=\"elementor-cta__button-wrapper elementor-cta__content-item elementor-content-item\">\n\t\t\t\t\t<span class=\"elementor-cta__button elementor-button elementor-size-lg\">\n\t\t\t\t\t\tContact us\t\t\t\t\t<\/span>\n\t\t\t\t\t<\/div>\n\t\t\t\t\t\t\t<\/div>\n\t\t\t\t\t\t<\/a>\n\t\t\t\t\t\t<\/div>\n\t\t\t\t<\/div>\n\t\t\t\t\t<\/div>\n\t\t<\/div>\n\t\t\t\t\t<\/div>\n\t\t<\/section>\n\t\t\t\t<\/div>","protected":false},"excerpt":{"rendered":"<p>Accompagnement litt\u00e9raire \u00cates-vous \u00e9crivains, \u00e9tudiants, r\u00e9dacteurs de projets ou tout autre particulier ? Nous vous accompagnons dans vos travaux litt\u00e9raires. Dans un premier temps, nos professionnels vous aident \u00e0 r\u00e9ussir vos projets d&rsquo;\u00e9criture dans les r\u00e8gles de l&rsquo;art. Dans un second temps, nous portons un regard critique sur vos travaux litt\u00e9raires pour vous aider \u00e0 [&hellip;]<\/p>","protected":false},"author":1,"featured_media":0,"parent":0,"menu_order":0,"comment_status":"closed","ping_status":"closed","template":"","meta":{"site-sidebar-layout":"no-sidebar","site-content-layout":"page-builder","ast-site-content-layout":"default","site-content-style":"default","site-sidebar-style":"default","ast-global-header-display":"","ast-banner-title-visibility":"","ast-main-header-display":"","ast-hfb-above-header-display":"","ast-hfb-below-header-display":"","ast-hfb-mobile-header-display":"","site-post-title":"disabled","ast-breadcrumbs-content":"","ast-featured-img":"disabled","footer-sml-layout":"","theme-transparent-header-meta":"default","adv-header-id-meta":"","stick-header-meta":"","header-above-stick-meta":"","header-main-stick-meta":"","header-below-stick-meta":"","astra-migrate-meta-layouts":"default","ast-page-background-enabled":"default","ast-page-background-meta":{"desktop":{"background-color":"","background-image":"","background-repeat":"repeat","background-position":"center center","background-size":"auto","background-attachment":"scroll","background-type":"","background-media":"","overlay-type":"","overlay-color":"","overlay-opacity":"","overlay-gradient":""},"tablet":{"background-color":"","background-image":"","background-repeat":"repeat","background-position":"center center","background-size":"auto","background-attachment":"scroll","background-type":"","background-media":"","overlay-type":"","overlay-color":"","overlay-opacity":"","overlay-gradient":""},"mobile":{"background-color":"","background-image":"","background-repeat":"repeat","background-position":"center center","background-size":"auto","background-attachment":"scroll","background-type":"","background-media":"","overlay-type":"","overlay-color":"","overlay-opacity":"","overlay-gradient":""}},"ast-content-background-meta":{"desktop":{"background-color":"var(--ast-global-color-5)","background-image":"","background-repeat":"repeat","background-position":"center center","background-size":"auto","background-attachment":"scroll","background-type":"","background-media":"","overlay-type":"","overlay-color":"","overlay-opacity":"","overlay-gradient":""},"tablet":{"background-color":"var(--ast-global-color-5)","background-image":"","background-repeat":"repeat","background-position":"center center","background-size":"auto","background-attachment":"scroll","background-type":"","background-media":"","overlay-type":"","overlay-color":"","overlay-opacity":"","overlay-gradient":""},"mobile":{"background-color":"var(--ast-global-color-5)","background-image":"","background-repeat":"repeat","background-position":"center center","background-size":"auto","background-attachment":"scroll","background-type":"","background-media":"","overlay-type":"","overlay-color":"","overlay-opacity":"","overlay-gradient":""}},"footnotes":""},"class_list":["post-1192","page","type-page","status-publish","hentry"],"yoast_head":"<!-- This site is optimized with the Yoast SEO plugin v26.2 - https:\/\/yoast.com\/wordpress\/plugins\/seo\/ -->\n<title>Accompagnement litt\u00e9raire - Singularity<\/title>\n<meta name=\"robots\" content=\"index, follow, max-snippet:-1, max-image-preview:large, max-video-preview:-1\" \/>\n<link rel=\"canonical\" href=\"https:\/\/www.singularity-agence.com\/en\/accompagnement-litteraire\" \/>\n<meta property=\"og:locale\" content=\"en_US\" \/>\n<meta property=\"og:type\" content=\"article\" \/>\n<meta property=\"og:title\" content=\"Accompagnement litt\u00e9raire - Singularity\" \/>\n<meta property=\"og:description\" content=\"Accompagnement litt\u00e9raire \u00cates-vous \u00e9crivains, \u00e9tudiants, r\u00e9dacteurs de projets ou tout autre particulier ? Nous vous accompagnons dans vos travaux litt\u00e9raires. Dans un premier temps, nos professionnels vous aident \u00e0 r\u00e9ussir vos projets d&rsquo;\u00e9criture dans les r\u00e8gles de l&rsquo;art. Dans un second temps, nous portons un regard critique sur vos travaux litt\u00e9raires pour vous aider \u00e0 [&hellip;]\" \/>\n<meta property=\"og:url\" content=\"https:\/\/www.singularity-agence.com\/en\/accompagnement-litteraire\" \/>\n<meta property=\"og:site_name\" content=\"Singularity\" \/>\n<meta property=\"article:modified_time\" content=\"2022-04-20T10:47:49+00:00\" \/>\n<meta name=\"twitter:card\" content=\"summary_large_image\" \/>\n<script type=\"application\/ld+json\" class=\"yoast-schema-graph\">{\"@context\":\"https:\/\/schema.org\",\"@graph\":[{\"@type\":\"WebPage\",\"@id\":\"https:\/\/www.singularity-agence.com\/en\/accompagnement-litteraire\",\"url\":\"https:\/\/www.singularity-agence.com\/en\/accompagnement-litteraire\",\"name\":\"Accompagnement litt\u00e9raire - Singularity\",\"isPartOf\":{\"@id\":\"https:\/\/www.seagreen-mandrill-852758.hostingersite.com\/#website\"},\"datePublished\":\"2021-12-05T02:15:16+00:00\",\"dateModified\":\"2022-04-20T10:47:49+00:00\",\"breadcrumb\":{\"@id\":\"https:\/\/www.singularity-agence.com\/en\/accompagnement-litteraire#breadcrumb\"},\"inLanguage\":\"en-US\",\"potentialAction\":[{\"@type\":\"ReadAction\",\"target\":[\"https:\/\/www.singularity-agence.com\/en\/accompagnement-litteraire\"]}]},{\"@type\":\"BreadcrumbList\",\"@id\":\"https:\/\/www.singularity-agence.com\/en\/accompagnement-litteraire#breadcrumb\",\"itemListElement\":[{\"@type\":\"ListItem\",\"position\":1,\"name\":\"Accueil\",\"item\":\"https:\/\/www.singularity-agence.com\/\"},{\"@type\":\"ListItem\",\"position\":2,\"name\":\"Accompagnement litt\u00e9raire\"}]},{\"@type\":\"WebSite\",\"@id\":\"https:\/\/www.seagreen-mandrill-852758.hostingersite.com\/#website\",\"url\":\"https:\/\/www.seagreen-mandrill-852758.hostingersite.com\/\",\"name\":\"Singularity\",\"description\":\"Agence litt\u00e9raire\",\"publisher\":{\"@id\":\"https:\/\/www.seagreen-mandrill-852758.hostingersite.com\/#organization\"},\"potentialAction\":[{\"@type\":\"SearchAction\",\"target\":{\"@type\":\"EntryPoint\",\"urlTemplate\":\"https:\/\/www.seagreen-mandrill-852758.hostingersite.com\/?s={search_term_string}\"},\"query-input\":{\"@type\":\"PropertyValueSpecification\",\"valueRequired\":true,\"valueName\":\"search_term_string\"}}],\"inLanguage\":\"en-US\"},{\"@type\":\"Organization\",\"@id\":\"https:\/\/www.seagreen-mandrill-852758.hostingersite.com\/#organization\",\"name\":\"Singularity\",\"url\":\"https:\/\/www.seagreen-mandrill-852758.hostingersite.com\/\",\"logo\":{\"@type\":\"ImageObject\",\"inLanguage\":\"en-US\",\"@id\":\"https:\/\/www.seagreen-mandrill-852758.hostingersite.com\/#\/schema\/logo\/image\/\",\"url\":\"https:\/\/www.singularity-agence.com\/wp-content\/uploads\/2021\/12\/cropped-IMG_20210928_121521.png\",\"contentUrl\":\"https:\/\/www.singularity-agence.com\/wp-content\/uploads\/2021\/12\/cropped-IMG_20210928_121521.png\",\"width\":535,\"height\":509,\"caption\":\"Singularity\"},\"image\":{\"@id\":\"https:\/\/www.seagreen-mandrill-852758.hostingersite.com\/#\/schema\/logo\/image\/\"}}]}<\/script>\n<!-- \/ Yoast SEO plugin. -->","yoast_head_json":{"title":"Accompagnement litt\u00e9raire - Singularity","robots":{"index":"index","follow":"follow","max-snippet":"max-snippet:-1","max-image-preview":"max-image-preview:large","max-video-preview":"max-video-preview:-1"},"canonical":"https:\/\/www.singularity-agence.com\/en\/accompagnement-litteraire","og_locale":"en_US","og_type":"article","og_title":"Accompagnement litt\u00e9raire - Singularity","og_description":"Accompagnement litt\u00e9raire \u00cates-vous \u00e9crivains, \u00e9tudiants, r\u00e9dacteurs de projets ou tout autre particulier ? Nous vous accompagnons dans vos travaux litt\u00e9raires. Dans un premier temps, nos professionnels vous aident \u00e0 r\u00e9ussir vos projets d&rsquo;\u00e9criture dans les r\u00e8gles de l&rsquo;art. Dans un second temps, nous portons un regard critique sur vos travaux litt\u00e9raires pour vous aider \u00e0 [&hellip;]","og_url":"https:\/\/www.singularity-agence.com\/en\/accompagnement-litteraire","og_site_name":"Singularity","article_modified_time":"2022-04-20T10:47:49+00:00","twitter_card":"summary_large_image","schema":{"@context":"https:\/\/schema.org","@graph":[{"@type":"WebPage","@id":"https:\/\/www.singularity-agence.com\/en\/accompagnement-litteraire","url":"https:\/\/www.singularity-agence.com\/en\/accompagnement-litteraire","name":"Accompagnement litt\u00e9raire - Singularity","isPartOf":{"@id":"https:\/\/www.seagreen-mandrill-852758.hostingersite.com\/#website"},"datePublished":"2021-12-05T02:15:16+00:00","dateModified":"2022-04-20T10:47:49+00:00","breadcrumb":{"@id":"https:\/\/www.singularity-agence.com\/en\/accompagnement-litteraire#breadcrumb"},"inLanguage":"en-US","potentialAction":[{"@type":"ReadAction","target":["https:\/\/www.singularity-agence.com\/en\/accompagnement-litteraire"]}]},{"@type":"BreadcrumbList","@id":"https:\/\/www.singularity-agence.com\/en\/accompagnement-litteraire#breadcrumb","itemListElement":[{"@type":"ListItem","position":1,"name":"Accueil","item":"https:\/\/www.singularity-agence.com\/"},{"@type":"ListItem","position":2,"name":"Accompagnement litt\u00e9raire"}]},{"@type":"WebSite","@id":"https:\/\/www.seagreen-mandrill-852758.hostingersite.com\/#website","url":"https:\/\/www.seagreen-mandrill-852758.hostingersite.com\/","name":"Singularity","description":"Agence litt\u00e9raire","publisher":{"@id":"https:\/\/www.seagreen-mandrill-852758.hostingersite.com\/#organization"},"potentialAction":[{"@type":"SearchAction","target":{"@type":"EntryPoint","urlTemplate":"https:\/\/www.seagreen-mandrill-852758.hostingersite.com\/?s={search_term_string}"},"query-input":{"@type":"PropertyValueSpecification","valueRequired":true,"valueName":"search_term_string"}}],"inLanguage":"en-US"},{"@type":"Organization","@id":"https:\/\/www.seagreen-mandrill-852758.hostingersite.com\/#organization","name":"Singularity","url":"https:\/\/www.seagreen-mandrill-852758.hostingersite.com\/","logo":{"@type":"ImageObject","inLanguage":"en-US","@id":"https:\/\/www.seagreen-mandrill-852758.hostingersite.com\/#\/schema\/logo\/image\/","url":"https:\/\/www.singularity-agence.com\/wp-content\/uploads\/2021\/12\/cropped-IMG_20210928_121521.png","contentUrl":"https:\/\/www.singularity-agence.com\/wp-content\/uploads\/2021\/12\/cropped-IMG_20210928_121521.png","width":535,"height":509,"caption":"Singularity"},"image":{"@id":"https:\/\/www.seagreen-mandrill-852758.hostingersite.com\/#\/schema\/logo\/image\/"}}]}},"_links":{"self":[{"href":"https:\/\/www.singularity-agence.com\/en\/wp-json\/wp\/v2\/pages\/1192","targetHints":{"allow":["GET"]}}],"collection":[{"href":"https:\/\/www.singularity-agence.com\/en\/wp-json\/wp\/v2\/pages"}],"about":[{"href":"https:\/\/www.singularity-agence.com\/en\/wp-json\/wp\/v2\/types\/page"}],"author":[{"embeddable":true,"href":"https:\/\/www.singularity-agence.com\/en\/wp-json\/wp\/v2\/users\/1"}],"replies":[{"embeddable":true,"href":"https:\/\/www.singularity-agence.com\/en\/wp-json\/wp\/v2\/comments?post=1192"}],"version-history":[{"count":7,"href":"https:\/\/www.singularity-agence.com\/en\/wp-json\/wp\/v2\/pages\/1192\/revisions"}],"predecessor-version":[{"id":1692,"href":"https:\/\/www.singularity-agence.com\/en\/wp-json\/wp\/v2\/pages\/1192\/revisions\/1692"}],"wp:attachment":[{"href":"https:\/\/www.singularity-agence.com\/en\/wp-json\/wp\/v2\/media?parent=1192"}],"curies":[{"name":"wp","href":"https:\/\/api.w.org\/{rel}","templated":true}]}}