{"id":1194,"date":"2021-12-05T02:15:49","date_gmt":"2021-12-05T02:15:49","guid":{"rendered":"https:\/\/www.singularity-agence.com\/?page_id=1194"},"modified":"2022-04-22T10:21:22","modified_gmt":"2022-04-22T10:21:22","slug":"promotion-litteraire","status":"publish","type":"page","link":"https:\/\/www.singularity-agence.com\/en\/promotion-litteraire","title":{"rendered":"Literary promotion"},"content":{"rendered":"<div data-elementor-type=\"wp-page\" data-elementor-id=\"1194\" class=\"elementor elementor-1194\">\n\t\t\t\t\t\t<section class=\"elementor-section elementor-top-section elementor-element elementor-element-537f86f elementor-section-boxed elementor-section-height-default elementor-section-height-default\" data-id=\"537f86f\" data-element_type=\"section\">\n\t\t\t\t\t\t<div class=\"elementor-container elementor-column-gap-default\">\n\t\t\t\t\t<div class=\"elementor-column elementor-col-100 elementor-top-column elementor-element elementor-element-8f76d08\" data-id=\"8f76d08\" data-element_type=\"column\">\n\t\t\t<div class=\"elementor-widget-wrap elementor-element-populated\">\n\t\t\t\t\t\t<div class=\"elementor-element elementor-element-88a048a elementor-cta--skin-classic elementor-animated-content elementor-bg-transform elementor-bg-transform-zoom-in elementor-widget elementor-widget-call-to-action\" data-id=\"88a048a\" data-element_type=\"widget\" data-widget_type=\"call-to-action.default\">\n\t\t\t\t<div class=\"elementor-widget-container\">\n\t\t\t\t\t\t\t<a class=\"elementor-cta\" href=\"https:\/\/wa.me\/message\/JOHAM5JDDJJRO1\">\n\t\t\t\t\t<div class=\"elementor-cta__bg-wrapper\">\n\t\t\t\t<div class=\"elementor-cta__bg elementor-bg\" style=\"background-image: url(https:\/\/www.singularity-agence.com\/wp-content\/uploads\/2021\/12\/pexels-nubia-navarro-nubikini-1517355-scaled.jpg);\"><\/div>\n\t\t\t\t<div class=\"elementor-cta__bg-overlay\"><\/div>\n\t\t\t<\/div>\n\t\t\t\t\t\t\t<div class=\"elementor-cta__content\">\n\t\t\t\t\n\t\t\t\t<h1 class=\"elementor-cta__title elementor-cta__content-item elementor-content-item\">Literary promotion<\/h1>\n\t\t\t\t\t\t\t\t\t<div class=\"elementor-cta__description elementor-cta__content-item elementor-content-item\">\n\t\t\t\t\t\tNous faisons la promotion des livres et leurs auteurs \u00e0 travers la critique litt\u00e9raire, les interviews et les biographies. Ainsi, nous donnons la possibilit\u00e9 \u00e0 nos lecteurs de d\u00e9couvrir plusieurs auteurs et livres.\t\t\t\t\t<\/div>\n\t\t\t\t\n\t\t\t\t\t\t\t\t\t<div class=\"elementor-cta__button-wrapper elementor-cta__content-item elementor-content-item\">\n\t\t\t\t\t<span class=\"elementor-cta__button elementor-button elementor-size-lg\">\n\t\t\t\t\t\tCONTACT US\t\t\t\t\t<\/span>\n\t\t\t\t\t<\/div>\n\t\t\t\t\t\t\t<\/div>\n\t\t\t\t\t\t<\/a>\n\t\t\t\t\t\t<\/div>\n\t\t\t\t<\/div>\n\t\t\t\t\t<\/div>\n\t\t<\/div>\n\t\t\t\t\t<\/div>\n\t\t<\/section>\n\t\t\t\t<\/div>","protected":false},"excerpt":{"rendered":"<p>Promotion litt\u00e9raire Nous faisons la promotion des livres et leurs auteurs \u00e0 travers la critique litt\u00e9raire, les interviews et les biographies. Ainsi, nous donnons la possibilit\u00e9 \u00e0 nos lecteurs de d\u00e9couvrir plusieurs auteurs et livres. NOUS CONTACTER<\/p>","protected":false},"author":1,"featured_media":0,"parent":0,"menu_order":0,"comment_status":"closed","ping_status":"closed","template":"","meta":{"site-sidebar-layout":"no-sidebar","site-content-layout":"page-builder","ast-site-content-layout":"default","site-content-style":"default","site-sidebar-style":"default","ast-global-header-display":"","ast-banner-title-visibility":"","ast-main-header-display":"","ast-hfb-above-header-display":"","ast-hfb-below-header-display":"","ast-hfb-mobile-header-display":"","site-post-title":"disabled","ast-breadcrumbs-content":"","ast-featured-img":"disabled","footer-sml-layout":"","theme-transparent-header-meta":"default","adv-header-id-meta":"","stick-header-meta":"","header-above-stick-meta":"","header-main-stick-meta":"","header-below-stick-meta":"","astra-migrate-meta-layouts":"default","ast-page-background-enabled":"default","ast-page-background-meta":{"desktop":{"background-color":"","background-image":"","background-repeat":"repeat","background-position":"center center","background-size":"auto","background-attachment":"scroll","background-type":"","background-media":"","overlay-type":"","overlay-color":"","overlay-opacity":"","overlay-gradient":""},"tablet":{"background-color":"","background-image":"","background-repeat":"repeat","background-position":"center center","background-size":"auto","background-attachment":"scroll","background-type":"","background-media":"","overlay-type":"","overlay-color":"","overlay-opacity":"","overlay-gradient":""},"mobile":{"background-color":"","background-image":"","background-repeat":"repeat","background-position":"center center","background-size":"auto","background-attachment":"scroll","background-type":"","background-media":"","overlay-type":"","overlay-color":"","overlay-opacity":"","overlay-gradient":""}},"ast-content-background-meta":{"desktop":{"background-color":"var(--ast-global-color-5)","background-image":"","background-repeat":"repeat","background-position":"center center","background-size":"auto","background-attachment":"scroll","background-type":"","background-media":"","overlay-type":"","overlay-color":"","overlay-opacity":"","overlay-gradient":""},"tablet":{"background-color":"var(--ast-global-color-5)","background-image":"","background-repeat":"repeat","background-position":"center center","background-size":"auto","background-attachment":"scroll","background-type":"","background-media":"","overlay-type":"","overlay-color":"","overlay-opacity":"","overlay-gradient":""},"mobile":{"background-color":"var(--ast-global-color-5)","background-image":"","background-repeat":"repeat","background-position":"center center","background-size":"auto","background-attachment":"scroll","background-type":"","background-media":"","overlay-type":"","overlay-color":"","overlay-opacity":"","overlay-gradient":""}},"footnotes":""},"class_list":["post-1194","page","type-page","status-publish","hentry"],"yoast_head":"<!-- This site is optimized with the Yoast SEO plugin v26.2 - https:\/\/yoast.com\/wordpress\/plugins\/seo\/ -->\n<title>Promotion litt\u00e9raire - Singularity<\/title>\n<meta name=\"robots\" content=\"index, follow, max-snippet:-1, max-image-preview:large, max-video-preview:-1\" \/>\n<link rel=\"canonical\" href=\"https:\/\/www.singularity-agence.com\/en\/promotion-litteraire\/\" \/>\n<meta property=\"og:locale\" content=\"en_US\" \/>\n<meta property=\"og:type\" content=\"article\" \/>\n<meta property=\"og:title\" content=\"Promotion litt\u00e9raire - Singularity\" \/>\n<meta property=\"og:description\" content=\"Promotion litt\u00e9raire Nous faisons la promotion des livres et leurs auteurs \u00e0 travers la critique litt\u00e9raire, les interviews et les biographies. Ainsi, nous donnons la possibilit\u00e9 \u00e0 nos lecteurs de d\u00e9couvrir plusieurs auteurs et livres. NOUS CONTACTER\" \/>\n<meta property=\"og:url\" content=\"https:\/\/www.singularity-agence.com\/en\/promotion-litteraire\/\" \/>\n<meta property=\"og:site_name\" content=\"Singularity\" \/>\n<meta property=\"article:modified_time\" content=\"2022-04-22T10:21:22+00:00\" \/>\n<meta name=\"twitter:card\" content=\"summary_large_image\" \/>\n<script type=\"application\/ld+json\" class=\"yoast-schema-graph\">{\"@context\":\"https:\/\/schema.org\",\"@graph\":[{\"@type\":\"WebPage\",\"@id\":\"https:\/\/www.singularity-agence.com\/promotion-litteraire\",\"url\":\"https:\/\/www.singularity-agence.com\/promotion-litteraire\",\"name\":\"Promotion litt\u00e9raire - Singularity\",\"isPartOf\":{\"@id\":\"https:\/\/www.seagreen-mandrill-852758.hostingersite.com\/#website\"},\"datePublished\":\"2021-12-05T02:15:49+00:00\",\"dateModified\":\"2022-04-22T10:21:22+00:00\",\"breadcrumb\":{\"@id\":\"https:\/\/www.singularity-agence.com\/promotion-litteraire#breadcrumb\"},\"inLanguage\":\"en-US\",\"potentialAction\":[{\"@type\":\"ReadAction\",\"target\":[\"https:\/\/www.singularity-agence.com\/promotion-litteraire\"]}]},{\"@type\":\"BreadcrumbList\",\"@id\":\"https:\/\/www.singularity-agence.com\/promotion-litteraire#breadcrumb\",\"itemListElement\":[{\"@type\":\"ListItem\",\"position\":1,\"name\":\"Accueil\",\"item\":\"https:\/\/www.singularity-agence.com\/\"},{\"@type\":\"ListItem\",\"position\":2,\"name\":\"Promotion litt\u00e9raire\"}]},{\"@type\":\"WebSite\",\"@id\":\"https:\/\/www.seagreen-mandrill-852758.hostingersite.com\/#website\",\"url\":\"https:\/\/www.seagreen-mandrill-852758.hostingersite.com\/\",\"name\":\"Singularity\",\"description\":\"Agence litt\u00e9raire\",\"publisher\":{\"@id\":\"https:\/\/www.seagreen-mandrill-852758.hostingersite.com\/#organization\"},\"potentialAction\":[{\"@type\":\"SearchAction\",\"target\":{\"@type\":\"EntryPoint\",\"urlTemplate\":\"https:\/\/www.seagreen-mandrill-852758.hostingersite.com\/?s={search_term_string}\"},\"query-input\":{\"@type\":\"PropertyValueSpecification\",\"valueRequired\":true,\"valueName\":\"search_term_string\"}}],\"inLanguage\":\"en-US\"},{\"@type\":\"Organization\",\"@id\":\"https:\/\/www.seagreen-mandrill-852758.hostingersite.com\/#organization\",\"name\":\"Singularity\",\"url\":\"https:\/\/www.seagreen-mandrill-852758.hostingersite.com\/\",\"logo\":{\"@type\":\"ImageObject\",\"inLanguage\":\"en-US\",\"@id\":\"https:\/\/www.seagreen-mandrill-852758.hostingersite.com\/#\/schema\/logo\/image\/\",\"url\":\"https:\/\/www.singularity-agence.com\/wp-content\/uploads\/2021\/12\/cropped-IMG_20210928_121521.png\",\"contentUrl\":\"https:\/\/www.singularity-agence.com\/wp-content\/uploads\/2021\/12\/cropped-IMG_20210928_121521.png\",\"width\":535,\"height\":509,\"caption\":\"Singularity\"},\"image\":{\"@id\":\"https:\/\/www.seagreen-mandrill-852758.hostingersite.com\/#\/schema\/logo\/image\/\"}}]}<\/script>\n<!-- \/ Yoast SEO plugin. -->","yoast_head_json":{"title":"Promotion litt\u00e9raire - Singularity","robots":{"index":"index","follow":"follow","max-snippet":"max-snippet:-1","max-image-preview":"max-image-preview:large","max-video-preview":"max-video-preview:-1"},"canonical":"https:\/\/www.singularity-agence.com\/en\/promotion-litteraire\/","og_locale":"en_US","og_type":"article","og_title":"Promotion litt\u00e9raire - Singularity","og_description":"Promotion litt\u00e9raire Nous faisons la promotion des livres et leurs auteurs \u00e0 travers la critique litt\u00e9raire, les interviews et les biographies. Ainsi, nous donnons la possibilit\u00e9 \u00e0 nos lecteurs de d\u00e9couvrir plusieurs auteurs et livres. NOUS CONTACTER","og_url":"https:\/\/www.singularity-agence.com\/en\/promotion-litteraire\/","og_site_name":"Singularity","article_modified_time":"2022-04-22T10:21:22+00:00","twitter_card":"summary_large_image","schema":{"@context":"https:\/\/schema.org","@graph":[{"@type":"WebPage","@id":"https:\/\/www.singularity-agence.com\/promotion-litteraire","url":"https:\/\/www.singularity-agence.com\/promotion-litteraire","name":"Promotion litt\u00e9raire - Singularity","isPartOf":{"@id":"https:\/\/www.seagreen-mandrill-852758.hostingersite.com\/#website"},"datePublished":"2021-12-05T02:15:49+00:00","dateModified":"2022-04-22T10:21:22+00:00","breadcrumb":{"@id":"https:\/\/www.singularity-agence.com\/promotion-litteraire#breadcrumb"},"inLanguage":"en-US","potentialAction":[{"@type":"ReadAction","target":["https:\/\/www.singularity-agence.com\/promotion-litteraire"]}]},{"@type":"BreadcrumbList","@id":"https:\/\/www.singularity-agence.com\/promotion-litteraire#breadcrumb","itemListElement":[{"@type":"ListItem","position":1,"name":"Accueil","item":"https:\/\/www.singularity-agence.com\/"},{"@type":"ListItem","position":2,"name":"Promotion litt\u00e9raire"}]},{"@type":"WebSite","@id":"https:\/\/www.seagreen-mandrill-852758.hostingersite.com\/#website","url":"https:\/\/www.seagreen-mandrill-852758.hostingersite.com\/","name":"Singularity","description":"Agence litt\u00e9raire","publisher":{"@id":"https:\/\/www.seagreen-mandrill-852758.hostingersite.com\/#organization"},"potentialAction":[{"@type":"SearchAction","target":{"@type":"EntryPoint","urlTemplate":"https:\/\/www.seagreen-mandrill-852758.hostingersite.com\/?s={search_term_string}"},"query-input":{"@type":"PropertyValueSpecification","valueRequired":true,"valueName":"search_term_string"}}],"inLanguage":"en-US"},{"@type":"Organization","@id":"https:\/\/www.seagreen-mandrill-852758.hostingersite.com\/#organization","name":"Singularity","url":"https:\/\/www.seagreen-mandrill-852758.hostingersite.com\/","logo":{"@type":"ImageObject","inLanguage":"en-US","@id":"https:\/\/www.seagreen-mandrill-852758.hostingersite.com\/#\/schema\/logo\/image\/","url":"https:\/\/www.singularity-agence.com\/wp-content\/uploads\/2021\/12\/cropped-IMG_20210928_121521.png","contentUrl":"https:\/\/www.singularity-agence.com\/wp-content\/uploads\/2021\/12\/cropped-IMG_20210928_121521.png","width":535,"height":509,"caption":"Singularity"},"image":{"@id":"https:\/\/www.seagreen-mandrill-852758.hostingersite.com\/#\/schema\/logo\/image\/"}}]}},"_links":{"self":[{"href":"https:\/\/www.singularity-agence.com\/en\/wp-json\/wp\/v2\/pages\/1194","targetHints":{"allow":["GET"]}}],"collection":[{"href":"https:\/\/www.singularity-agence.com\/en\/wp-json\/wp\/v2\/pages"}],"about":[{"href":"https:\/\/www.singularity-agence.com\/en\/wp-json\/wp\/v2\/types\/page"}],"author":[{"embeddable":true,"href":"https:\/\/www.singularity-agence.com\/en\/wp-json\/wp\/v2\/users\/1"}],"replies":[{"embeddable":true,"href":"https:\/\/www.singularity-agence.com\/en\/wp-json\/wp\/v2\/comments?post=1194"}],"version-history":[{"count":5,"href":"https:\/\/www.singularity-agence.com\/en\/wp-json\/wp\/v2\/pages\/1194\/revisions"}],"predecessor-version":[{"id":1694,"href":"https:\/\/www.singularity-agence.com\/en\/wp-json\/wp\/v2\/pages\/1194\/revisions\/1694"}],"wp:attachment":[{"href":"https:\/\/www.singularity-agence.com\/en\/wp-json\/wp\/v2\/media?parent=1194"}],"curies":[{"name":"wp","href":"https:\/\/api.w.org\/{rel}","templated":true}]}}