{"id":128,"date":"2018-08-27T12:15:55","date_gmt":"2018-08-27T12:15:55","guid":{"rendered":"https:\/\/www.singularity-agence.com\/about"},"modified":"2022-04-20T11:44:37","modified_gmt":"2022-04-20T11:44:37","slug":"apropos","status":"publish","type":"page","link":"https:\/\/www.singularity-agence.com\/en\/apropos","title":{"rendered":"\u00c0 propos"},"content":{"rendered":"<div data-elementor-type=\"wp-post\" data-elementor-id=\"128\" class=\"elementor elementor-128\">\n\t\t\t\t\t\t<section class=\"elementor-section elementor-top-section elementor-element elementor-element-6e99129 elementor-section-content-middle elementor-section-boxed elementor-section-height-default elementor-section-height-default\" data-id=\"6e99129\" data-element_type=\"section\" data-settings=\"{&quot;background_background&quot;:&quot;classic&quot;}\">\n\t\t\t\t\t\t\t<div class=\"elementor-background-overlay\"><\/div>\n\t\t\t\t\t\t\t<div class=\"elementor-container elementor-column-gap-no\">\n\t\t\t\t\t<div class=\"elementor-column elementor-col-100 elementor-top-column elementor-element elementor-element-4416359\" data-id=\"4416359\" data-element_type=\"column\">\n\t\t\t<div class=\"elementor-widget-wrap elementor-element-populated\">\n\t\t\t\t\t\t<div class=\"elementor-element elementor-element-77d84b9 elementor-widget elementor-widget-heading\" data-id=\"77d84b9\" data-element_type=\"widget\" data-widget_type=\"heading.default\">\n\t\t\t\t<div class=\"elementor-widget-container\">\n\t\t\t\t\t<h1 class=\"elementor-heading-title elementor-size-default\">Who are we?<\/h1>\t\t\t\t<\/div>\n\t\t\t\t<\/div>\n\t\t\t\t\t<\/div>\n\t\t<\/div>\n\t\t\t\t\t<\/div>\n\t\t<\/section>\n\t\t\t\t<section class=\"elementor-section elementor-top-section elementor-element elementor-element-6785f070 elementor-section-content-middle elementor-section-boxed elementor-section-height-default elementor-section-height-default\" data-id=\"6785f070\" data-element_type=\"section\" data-settings=\"{&quot;background_background&quot;:&quot;classic&quot;}\">\n\t\t\t\t\t\t<div class=\"elementor-container elementor-column-gap-no\">\n\t\t\t\t\t<div class=\"elementor-column elementor-col-50 elementor-top-column elementor-element elementor-element-236a079\" data-id=\"236a079\" data-element_type=\"column\">\n\t\t\t<div class=\"elementor-widget-wrap elementor-element-populated\">\n\t\t\t\t\t\t<div class=\"elementor-element elementor-element-5aabbfce elementor-widget elementor-widget-text-editor\" data-id=\"5aabbfce\" data-element_type=\"widget\" data-widget_type=\"text-editor.default\">\n\t\t\t\t<div class=\"elementor-widget-container\">\n\t\t\t\t\t\t\t\t\t<p>We are the first literary agency in Congo Brazaville. Our goal is to accompany you in all your literary projects. With experienced agents in literary criticism, correction of manuscripts, writing of texts and works, reading and accompaniment in the writing of works, we form a group of literary consultants available to satisfy all your expectations in the literary field.<\/p>\t\t\t\t\t\t\t\t<\/div>\n\t\t\t\t<\/div>\n\t\t\t\t\t<\/div>\n\t\t<\/div>\n\t\t\t\t<div class=\"elementor-column elementor-col-50 elementor-top-column elementor-element elementor-element-2c9a3eef\" data-id=\"2c9a3eef\" data-element_type=\"column\" data-settings=\"{&quot;background_background&quot;:&quot;classic&quot;}\">\n\t\t\t<div class=\"elementor-widget-wrap elementor-element-populated\">\n\t\t\t\t\t<div class=\"elementor-background-overlay\"><\/div>\n\t\t\t\t\t\t<div class=\"elementor-element elementor-element-a08fabf elementor-widget elementor-widget-image\" data-id=\"a08fabf\" data-element_type=\"widget\" data-widget_type=\"image.default\">\n\t\t\t\t<div class=\"elementor-widget-container\">\n\t\t\t\t\t\t\t\t\t\t\t\t\t\t\t<img fetchpriority=\"high\" decoding=\"async\" width=\"2560\" height=\"1936\" src=\"https:\/\/www.singularity-agence.com\/wp-content\/uploads\/2022\/04\/juvenale-Obili-scaled.jpg\" class=\"attachment-full size-full wp-image-1720\" alt=\"\" srcset=\"https:\/\/www.singularity-agence.com\/wp-content\/uploads\/2022\/04\/juvenale-Obili-scaled.jpg 2560w, https:\/\/www.singularity-agence.com\/wp-content\/uploads\/2022\/04\/juvenale-Obili-300x227.jpg 300w, https:\/\/www.singularity-agence.com\/wp-content\/uploads\/2022\/04\/juvenale-Obili-1024x774.jpg 1024w, https:\/\/www.singularity-agence.com\/wp-content\/uploads\/2022\/04\/juvenale-Obili-768x581.jpg 768w, https:\/\/www.singularity-agence.com\/wp-content\/uploads\/2022\/04\/juvenale-Obili-1536x1161.jpg 1536w, https:\/\/www.singularity-agence.com\/wp-content\/uploads\/2022\/04\/juvenale-Obili-2048x1549.jpg 2048w\" sizes=\"(max-width: 2560px) 100vw, 2560px\" \/>\t\t\t\t\t\t\t\t\t\t\t\t\t\t\t<\/div>\n\t\t\t\t<\/div>\n\t\t\t\t\t<\/div>\n\t\t<\/div>\n\t\t\t\t\t<\/div>\n\t\t<\/section>\n\t\t\t\t<section class=\"elementor-section elementor-top-section elementor-element elementor-element-0b4965c elementor-section-boxed elementor-section-height-default elementor-section-height-default\" data-id=\"0b4965c\" data-element_type=\"section\">\n\t\t\t\t\t\t<div class=\"elementor-container elementor-column-gap-default\">\n\t\t\t\t\t<div class=\"elementor-column elementor-col-100 elementor-top-column elementor-element elementor-element-34e6f33\" data-id=\"34e6f33\" data-element_type=\"column\">\n\t\t\t<div class=\"elementor-widget-wrap elementor-element-populated\">\n\t\t\t\t\t\t<div class=\"elementor-element elementor-element-98a2e94 elementor-widget elementor-widget-heading\" data-id=\"98a2e94\" data-element_type=\"widget\" data-widget_type=\"heading.default\">\n\t\t\t\t<div class=\"elementor-widget-container\">\n\t\t\t\t\t<h2 class=\"elementor-heading-title elementor-size-default\"> What is our short and long term vision?<\/h2>\t\t\t\t<\/div>\n\t\t\t\t<\/div>\n\t\t\t\t\t<\/div>\n\t\t<\/div>\n\t\t\t\t\t<\/div>\n\t\t<\/section>\n\t\t\t\t<section class=\"elementor-section elementor-top-section elementor-element elementor-element-e27c7e9 elementor-section-boxed elementor-section-height-default elementor-section-height-default\" data-id=\"e27c7e9\" data-element_type=\"section\">\n\t\t\t\t\t\t<div class=\"elementor-container elementor-column-gap-default\">\n\t\t\t\t\t<div class=\"elementor-column elementor-col-100 elementor-top-column elementor-element elementor-element-263456b\" data-id=\"263456b\" data-element_type=\"column\">\n\t\t\t<div class=\"elementor-widget-wrap elementor-element-populated\">\n\t\t\t\t\t\t<div class=\"elementor-element elementor-element-37de33a elementor-widget elementor-widget-text-editor\" data-id=\"37de33a\" data-element_type=\"widget\" data-widget_type=\"text-editor.default\">\n\t\t\t\t<div class=\"elementor-widget-container\">\n\t\t\t\t\t\t\t\t\t<p>In the short term, we intend to offer to the lovers of arts and letters a space of their own on the web, in the impulse to promote the literature and its professions on the digital plan.<\/p><p>This literary agency wants to be a pride for the Congo because it is a country full of young writers who are emerging and elders who have already made their mark on the literary world.<\/p><p>In the long term, we will make efforts to turn this agency into a literature company in Congo Brazzaville, with branches all over the world.<\/p>\t\t\t\t\t\t\t\t<\/div>\n\t\t\t\t<\/div>\n\t\t\t\t\t<\/div>\n\t\t<\/div>\n\t\t\t\t\t<\/div>\n\t\t<\/section>\n\t\t\t\t<section class=\"elementor-section elementor-top-section elementor-element elementor-element-f8ad88f elementor-section-content-middle elementor-section-boxed elementor-section-height-default elementor-section-height-default\" data-id=\"f8ad88f\" data-element_type=\"section\" data-settings=\"{&quot;background_background&quot;:&quot;classic&quot;}\">\n\t\t\t\t\t\t\t<div class=\"elementor-background-overlay\"><\/div>\n\t\t\t\t\t\t\t<div class=\"elementor-container elementor-column-gap-no\">\n\t\t\t\t\t<div class=\"elementor-column elementor-col-100 elementor-top-column elementor-element elementor-element-19076a4\" data-id=\"19076a4\" data-element_type=\"column\">\n\t\t\t<div class=\"elementor-widget-wrap elementor-element-populated\">\n\t\t\t\t\t\t<div class=\"elementor-element elementor-element-a7a63e8 elementor-widget elementor-widget-heading\" data-id=\"a7a63e8\" data-element_type=\"widget\" data-widget_type=\"heading.default\">\n\t\t\t\t<div class=\"elementor-widget-container\">\n\t\t\t\t\t<h3 class=\"elementor-heading-title elementor-size-default\">GET A FREE QUOTE<\/h3>\t\t\t\t<\/div>\n\t\t\t\t<\/div>\n\t\t\t\t<div class=\"elementor-element elementor-element-75947b9 elementor-widget elementor-widget-heading\" data-id=\"75947b9\" data-element_type=\"widget\" data-widget_type=\"heading.default\">\n\t\t\t\t<div class=\"elementor-widget-container\">\n\t\t\t\t\t<p class=\"elementor-heading-title elementor-size-default\">Simply click on the button below to fill out a form to receive your free quote.<\/p>\t\t\t\t<\/div>\n\t\t\t\t<\/div>\n\t\t\t\t<div class=\"elementor-element elementor-element-029fbda elementor-align-center elementor-mobile-align-center elementor-widget elementor-widget-button\" data-id=\"029fbda\" data-element_type=\"widget\" data-widget_type=\"button.default\">\n\t\t\t\t<div class=\"elementor-widget-container\">\n\t\t\t\t\t\t\t\t\t<div class=\"elementor-button-wrapper\">\n\t\t\t\t\t<a class=\"elementor-button elementor-button-link elementor-size-md\" href=\"https:\/\/www.singularity-agence.com\/en\/devis-gratuit\/\">\n\t\t\t\t\t\t<span class=\"elementor-button-content-wrapper\">\n\t\t\t\t\t\t\t\t\t<span class=\"elementor-button-text\">GET A FREE QUOTE<\/span>\n\t\t\t\t\t<\/span>\n\t\t\t\t\t<\/a>\n\t\t\t\t<\/div>\n\t\t\t\t\t\t\t\t<\/div>\n\t\t\t\t<\/div>\n\t\t\t\t\t<\/div>\n\t\t<\/div>\n\t\t\t\t\t<\/div>\n\t\t<\/section>\n\t\t\t\t<\/div>","protected":false},"excerpt":{"rendered":"<p>Qui sommes nous ? Nous sommes la premi\u00e8re agence litt\u00e9raire au Congo Brazaville. Notre but est de vous accompagner dans tous vos projets litt\u00e9raires. Avec des agents exp\u00e9riment\u00e9s dans la critique litt\u00e9raire, la correction des manuscrits, l\u2019\u00e9criture des textes et des ouvrages, la lecture et l\u2019accompagnement dans l\u2019\u00e9criture des ouvrages, nous formons un groupe de [&hellip;]<\/p>","protected":false},"author":1,"featured_media":0,"parent":0,"menu_order":0,"comment_status":"closed","ping_status":"closed","template":"","meta":{"site-sidebar-layout":"default","site-content-layout":"page-builder","ast-site-content-layout":"default","site-content-style":"default","site-sidebar-style":"default","ast-global-header-display":"","ast-banner-title-visibility":"","ast-main-header-display":"","ast-hfb-above-header-display":"","ast-hfb-below-header-display":"","ast-hfb-mobile-header-display":"","site-post-title":"disabled","ast-breadcrumbs-content":"","ast-featured-img":"disabled","footer-sml-layout":"","theme-transparent-header-meta":"enabled","adv-header-id-meta":"","stick-header-meta":"","header-above-stick-meta":"","header-main-stick-meta":"","header-below-stick-meta":"","astra-migrate-meta-layouts":"default","ast-page-background-enabled":"default","ast-page-background-meta":{"desktop":{"background-color":"","background-image":"","background-repeat":"repeat","background-position":"center center","background-size":"auto","background-attachment":"scroll","background-type":"","background-media":"","overlay-type":"","overlay-color":"","overlay-opacity":"","overlay-gradient":""},"tablet":{"background-color":"","background-image":"","background-repeat":"repeat","background-position":"center center","background-size":"auto","background-attachment":"scroll","background-type":"","background-media":"","overlay-type":"","overlay-color":"","overlay-opacity":"","overlay-gradient":""},"mobile":{"background-color":"","background-image":"","background-repeat":"repeat","background-position":"center center","background-size":"auto","background-attachment":"scroll","background-type":"","background-media":"","overlay-type":"","overlay-color":"","overlay-opacity":"","overlay-gradient":""}},"ast-content-background-meta":{"desktop":{"background-color":"var(--ast-global-color-5)","background-image":"","background-repeat":"repeat","background-position":"center center","background-size":"auto","background-attachment":"scroll","background-type":"","background-media":"","overlay-type":"","overlay-color":"","overlay-opacity":"","overlay-gradient":""},"tablet":{"background-color":"var(--ast-global-color-5)","background-image":"","background-repeat":"repeat","background-position":"center center","background-size":"auto","background-attachment":"scroll","background-type":"","background-media":"","overlay-type":"","overlay-color":"","overlay-opacity":"","overlay-gradient":""},"mobile":{"background-color":"var(--ast-global-color-5)","background-image":"","background-repeat":"repeat","background-position":"center center","background-size":"auto","background-attachment":"scroll","background-type":"","background-media":"","overlay-type":"","overlay-color":"","overlay-opacity":"","overlay-gradient":""}},"footnotes":""},"class_list":["post-128","page","type-page","status-publish","hentry"],"yoast_head":"<!-- This site is optimized with the Yoast SEO plugin v26.2 - https:\/\/yoast.com\/wordpress\/plugins\/seo\/ -->\n<title>\u00c0 propos - Singularity<\/title>\n<meta name=\"robots\" content=\"index, follow, max-snippet:-1, max-image-preview:large, max-video-preview:-1\" \/>\n<link rel=\"canonical\" href=\"https:\/\/www.singularity-agence.com\/en\/apropos\" \/>\n<meta property=\"og:locale\" content=\"en_US\" \/>\n<meta property=\"og:type\" content=\"article\" \/>\n<meta property=\"og:title\" content=\"\u00c0 propos - Singularity\" \/>\n<meta property=\"og:description\" content=\"Qui sommes nous ? Nous sommes la premi\u00e8re agence litt\u00e9raire au Congo Brazaville. Notre but est de vous accompagner dans tous vos projets litt\u00e9raires. Avec des agents exp\u00e9riment\u00e9s dans la critique litt\u00e9raire, la correction des manuscrits, l\u2019\u00e9criture des textes et des ouvrages, la lecture et l\u2019accompagnement dans l\u2019\u00e9criture des ouvrages, nous formons un groupe de [&hellip;]\" \/>\n<meta property=\"og:url\" content=\"https:\/\/www.singularity-agence.com\/en\/apropos\" \/>\n<meta property=\"og:site_name\" content=\"Singularity\" \/>\n<meta property=\"article:modified_time\" content=\"2022-04-20T11:44:37+00:00\" \/>\n<meta property=\"og:image\" content=\"https:\/\/www.singularity-agence.com\/wp-content\/uploads\/2022\/04\/juvenale-Obili-scaled.jpg\" \/>\n<meta name=\"twitter:card\" content=\"summary_large_image\" \/>\n<meta name=\"twitter:label1\" content=\"Est. reading time\" \/>\n\t<meta name=\"twitter:data1\" content=\"2 minutes\" \/>\n<script type=\"application\/ld+json\" class=\"yoast-schema-graph\">{\"@context\":\"https:\/\/schema.org\",\"@graph\":[{\"@type\":\"WebPage\",\"@id\":\"https:\/\/www.singularity-agence.com\/en\/apropos\",\"url\":\"https:\/\/www.singularity-agence.com\/en\/apropos\",\"name\":\"\u00c0 propos - Singularity\",\"isPartOf\":{\"@id\":\"https:\/\/www.seagreen-mandrill-852758.hostingersite.com\/#website\"},\"primaryImageOfPage\":{\"@id\":\"https:\/\/www.singularity-agence.com\/en\/apropos#primaryimage\"},\"image\":{\"@id\":\"https:\/\/www.singularity-agence.com\/en\/apropos#primaryimage\"},\"thumbnailUrl\":\"https:\/\/www.singularity-agence.com\/wp-content\/uploads\/2022\/04\/juvenale-Obili-scaled.jpg\",\"datePublished\":\"2018-08-27T12:15:55+00:00\",\"dateModified\":\"2022-04-20T11:44:37+00:00\",\"breadcrumb\":{\"@id\":\"https:\/\/www.singularity-agence.com\/en\/apropos#breadcrumb\"},\"inLanguage\":\"en-US\",\"potentialAction\":[{\"@type\":\"ReadAction\",\"target\":[\"https:\/\/www.singularity-agence.com\/en\/apropos\"]}]},{\"@type\":\"ImageObject\",\"inLanguage\":\"en-US\",\"@id\":\"https:\/\/www.singularity-agence.com\/en\/apropos#primaryimage\",\"url\":\"https:\/\/www.singularity-agence.com\/wp-content\/uploads\/2022\/04\/juvenale-Obili-scaled.jpg\",\"contentUrl\":\"https:\/\/www.singularity-agence.com\/wp-content\/uploads\/2022\/04\/juvenale-Obili-scaled.jpg\"},{\"@type\":\"BreadcrumbList\",\"@id\":\"https:\/\/www.singularity-agence.com\/en\/apropos#breadcrumb\",\"itemListElement\":[{\"@type\":\"ListItem\",\"position\":1,\"name\":\"Accueil\",\"item\":\"https:\/\/www.singularity-agence.com\/\"},{\"@type\":\"ListItem\",\"position\":2,\"name\":\"\u00c0 propos\"}]},{\"@type\":\"WebSite\",\"@id\":\"https:\/\/www.seagreen-mandrill-852758.hostingersite.com\/#website\",\"url\":\"https:\/\/www.seagreen-mandrill-852758.hostingersite.com\/\",\"name\":\"Singularity\",\"description\":\"Agence litt\u00e9raire\",\"publisher\":{\"@id\":\"https:\/\/www.seagreen-mandrill-852758.hostingersite.com\/#organization\"},\"potentialAction\":[{\"@type\":\"SearchAction\",\"target\":{\"@type\":\"EntryPoint\",\"urlTemplate\":\"https:\/\/www.seagreen-mandrill-852758.hostingersite.com\/?s={search_term_string}\"},\"query-input\":{\"@type\":\"PropertyValueSpecification\",\"valueRequired\":true,\"valueName\":\"search_term_string\"}}],\"inLanguage\":\"en-US\"},{\"@type\":\"Organization\",\"@id\":\"https:\/\/www.seagreen-mandrill-852758.hostingersite.com\/#organization\",\"name\":\"Singularity\",\"url\":\"https:\/\/www.seagreen-mandrill-852758.hostingersite.com\/\",\"logo\":{\"@type\":\"ImageObject\",\"inLanguage\":\"en-US\",\"@id\":\"https:\/\/www.seagreen-mandrill-852758.hostingersite.com\/#\/schema\/logo\/image\/\",\"url\":\"https:\/\/www.singularity-agence.com\/wp-content\/uploads\/2021\/12\/cropped-IMG_20210928_121521.png\",\"contentUrl\":\"https:\/\/www.singularity-agence.com\/wp-content\/uploads\/2021\/12\/cropped-IMG_20210928_121521.png\",\"width\":535,\"height\":509,\"caption\":\"Singularity\"},\"image\":{\"@id\":\"https:\/\/www.seagreen-mandrill-852758.hostingersite.com\/#\/schema\/logo\/image\/\"}}]}<\/script>\n<!-- \/ Yoast SEO plugin. -->","yoast_head_json":{"title":"\u00c0 propos - Singularity","robots":{"index":"index","follow":"follow","max-snippet":"max-snippet:-1","max-image-preview":"max-image-preview:large","max-video-preview":"max-video-preview:-1"},"canonical":"https:\/\/www.singularity-agence.com\/en\/apropos","og_locale":"en_US","og_type":"article","og_title":"\u00c0 propos - Singularity","og_description":"Qui sommes nous ? Nous sommes la premi\u00e8re agence litt\u00e9raire au Congo Brazaville. Notre but est de vous accompagner dans tous vos projets litt\u00e9raires. Avec des agents exp\u00e9riment\u00e9s dans la critique litt\u00e9raire, la correction des manuscrits, l\u2019\u00e9criture des textes et des ouvrages, la lecture et l\u2019accompagnement dans l\u2019\u00e9criture des ouvrages, nous formons un groupe de [&hellip;]","og_url":"https:\/\/www.singularity-agence.com\/en\/apropos","og_site_name":"Singularity","article_modified_time":"2022-04-20T11:44:37+00:00","og_image":[{"url":"https:\/\/www.singularity-agence.com\/wp-content\/uploads\/2022\/04\/juvenale-Obili-scaled.jpg","type":"","width":"","height":""}],"twitter_card":"summary_large_image","twitter_misc":{"Est. reading time":"2 minutes"},"schema":{"@context":"https:\/\/schema.org","@graph":[{"@type":"WebPage","@id":"https:\/\/www.singularity-agence.com\/en\/apropos","url":"https:\/\/www.singularity-agence.com\/en\/apropos","name":"\u00c0 propos - Singularity","isPartOf":{"@id":"https:\/\/www.seagreen-mandrill-852758.hostingersite.com\/#website"},"primaryImageOfPage":{"@id":"https:\/\/www.singularity-agence.com\/en\/apropos#primaryimage"},"image":{"@id":"https:\/\/www.singularity-agence.com\/en\/apropos#primaryimage"},"thumbnailUrl":"https:\/\/www.singularity-agence.com\/wp-content\/uploads\/2022\/04\/juvenale-Obili-scaled.jpg","datePublished":"2018-08-27T12:15:55+00:00","dateModified":"2022-04-20T11:44:37+00:00","breadcrumb":{"@id":"https:\/\/www.singularity-agence.com\/en\/apropos#breadcrumb"},"inLanguage":"en-US","potentialAction":[{"@type":"ReadAction","target":["https:\/\/www.singularity-agence.com\/en\/apropos"]}]},{"@type":"ImageObject","inLanguage":"en-US","@id":"https:\/\/www.singularity-agence.com\/en\/apropos#primaryimage","url":"https:\/\/www.singularity-agence.com\/wp-content\/uploads\/2022\/04\/juvenale-Obili-scaled.jpg","contentUrl":"https:\/\/www.singularity-agence.com\/wp-content\/uploads\/2022\/04\/juvenale-Obili-scaled.jpg"},{"@type":"BreadcrumbList","@id":"https:\/\/www.singularity-agence.com\/en\/apropos#breadcrumb","itemListElement":[{"@type":"ListItem","position":1,"name":"Accueil","item":"https:\/\/www.singularity-agence.com\/"},{"@type":"ListItem","position":2,"name":"\u00c0 propos"}]},{"@type":"WebSite","@id":"https:\/\/www.seagreen-mandrill-852758.hostingersite.com\/#website","url":"https:\/\/www.seagreen-mandrill-852758.hostingersite.com\/","name":"Singularity","description":"Agence litt\u00e9raire","publisher":{"@id":"https:\/\/www.seagreen-mandrill-852758.hostingersite.com\/#organization"},"potentialAction":[{"@type":"SearchAction","target":{"@type":"EntryPoint","urlTemplate":"https:\/\/www.seagreen-mandrill-852758.hostingersite.com\/?s={search_term_string}"},"query-input":{"@type":"PropertyValueSpecification","valueRequired":true,"valueName":"search_term_string"}}],"inLanguage":"en-US"},{"@type":"Organization","@id":"https:\/\/www.seagreen-mandrill-852758.hostingersite.com\/#organization","name":"Singularity","url":"https:\/\/www.seagreen-mandrill-852758.hostingersite.com\/","logo":{"@type":"ImageObject","inLanguage":"en-US","@id":"https:\/\/www.seagreen-mandrill-852758.hostingersite.com\/#\/schema\/logo\/image\/","url":"https:\/\/www.singularity-agence.com\/wp-content\/uploads\/2021\/12\/cropped-IMG_20210928_121521.png","contentUrl":"https:\/\/www.singularity-agence.com\/wp-content\/uploads\/2021\/12\/cropped-IMG_20210928_121521.png","width":535,"height":509,"caption":"Singularity"},"image":{"@id":"https:\/\/www.seagreen-mandrill-852758.hostingersite.com\/#\/schema\/logo\/image\/"}}]}},"_links":{"self":[{"href":"https:\/\/www.singularity-agence.com\/en\/wp-json\/wp\/v2\/pages\/128","targetHints":{"allow":["GET"]}}],"collection":[{"href":"https:\/\/www.singularity-agence.com\/en\/wp-json\/wp\/v2\/pages"}],"about":[{"href":"https:\/\/www.singularity-agence.com\/en\/wp-json\/wp\/v2\/types\/page"}],"author":[{"embeddable":true,"href":"https:\/\/www.singularity-agence.com\/en\/wp-json\/wp\/v2\/users\/1"}],"replies":[{"embeddable":true,"href":"https:\/\/www.singularity-agence.com\/en\/wp-json\/wp\/v2\/comments?post=128"}],"version-history":[{"count":31,"href":"https:\/\/www.singularity-agence.com\/en\/wp-json\/wp\/v2\/pages\/128\/revisions"}],"predecessor-version":[{"id":1721,"href":"https:\/\/www.singularity-agence.com\/en\/wp-json\/wp\/v2\/pages\/128\/revisions\/1721"}],"wp:attachment":[{"href":"https:\/\/www.singularity-agence.com\/en\/wp-json\/wp\/v2\/media?parent=128"}],"curies":[{"name":"wp","href":"https:\/\/api.w.org\/{rel}","templated":true}]}}