{"id":1695,"date":"2022-04-20T10:59:23","date_gmt":"2022-04-20T10:59:23","guid":{"rendered":"https:\/\/www.singularity-agence.com\/?page_id=1695"},"modified":"2022-04-26T11:43:33","modified_gmt":"2022-04-26T11:43:33","slug":"le-dossier-litteraire","status":"publish","type":"page","link":"https:\/\/www.singularity-agence.com\/en\/le-dossier-litteraire","title":{"rendered":"Le dossier litt\u00e9raire"},"content":{"rendered":"<div data-elementor-type=\"wp-page\" data-elementor-id=\"1695\" class=\"elementor elementor-1695\">\n\t\t\t\t\t\t<section class=\"elementor-section elementor-top-section elementor-element elementor-element-47c7849 elementor-section-boxed elementor-section-height-default elementor-section-height-default\" data-id=\"47c7849\" data-element_type=\"section\">\n\t\t\t\t\t\t<div class=\"elementor-container elementor-column-gap-default\">\n\t\t\t\t\t<div class=\"elementor-column elementor-col-100 elementor-top-column elementor-element elementor-element-47c2c3f\" data-id=\"47c2c3f\" data-element_type=\"column\">\n\t\t\t<div class=\"elementor-widget-wrap elementor-element-populated\">\n\t\t\t\t\t\t<div class=\"elementor-element elementor-element-f811a9f elementor-grid-3 elementor-grid-tablet-2 elementor-grid-mobile-1 elementor-posts--thumbnail-top elementor-widget elementor-widget-posts\" data-id=\"f811a9f\" data-element_type=\"widget\" data-settings=\"{&quot;classic_columns&quot;:&quot;3&quot;,&quot;classic_columns_tablet&quot;:&quot;2&quot;,&quot;classic_columns_mobile&quot;:&quot;1&quot;,&quot;classic_row_gap&quot;:{&quot;unit&quot;:&quot;px&quot;,&quot;size&quot;:35,&quot;sizes&quot;:[]},&quot;classic_row_gap_tablet&quot;:{&quot;unit&quot;:&quot;px&quot;,&quot;size&quot;:&quot;&quot;,&quot;sizes&quot;:[]},&quot;classic_row_gap_mobile&quot;:{&quot;unit&quot;:&quot;px&quot;,&quot;size&quot;:&quot;&quot;,&quot;sizes&quot;:[]}}\" data-widget_type=\"posts.classic\">\n\t\t\t\t<div class=\"elementor-widget-container\">\n\t\t\t\t\t\t\t<div class=\"elementor-posts-container elementor-posts elementor-posts--skin-classic elementor-grid\">\n\t\t\t\t<article class=\"elementor-post elementor-grid-item post-1905 post type-post status-publish format-standard has-post-thumbnail hentry category-le-dossier-litteraire tag-amour tag-congolais tag-le-dossier-litteraire tag-les-billets-dhumeur-de-noellie tag-recueil-de-nouvelles\">\n\t\t\t\t<a class=\"elementor-post__thumbnail__link\" href=\"https:\/\/www.singularity-agence.com\/en\/le-dossier-litteraire\/les-billets-dhumeur-de-noellie\" >\n\t\t\t<div class=\"elementor-post__thumbnail\"><img fetchpriority=\"high\" decoding=\"async\" width=\"225\" height=\"300\" src=\"https:\/\/www.singularity-agence.com\/wp-content\/uploads\/2023\/12\/Nouvelles-noelie-225x300.png\" class=\"attachment-medium size-medium wp-image-1907\" alt=\"\" srcset=\"https:\/\/www.singularity-agence.com\/wp-content\/uploads\/2023\/12\/Nouvelles-noelie-225x300.png 225w, https:\/\/www.singularity-agence.com\/wp-content\/uploads\/2023\/12\/Nouvelles-noelie-9x12.png 9w, https:\/\/www.singularity-agence.com\/wp-content\/uploads\/2023\/12\/Nouvelles-noelie.png 450w\" sizes=\"(max-width: 225px) 100vw, 225px\" \/><\/div>\n\t\t<\/a>\n\t\t\t\t<div class=\"elementor-post__text\">\n\t\t\t\t<h3 class=\"elementor-post__title\">\n\t\t\t<a href=\"https:\/\/www.singularity-agence.com\/en\/le-dossier-litteraire\/les-billets-dhumeur-de-noellie\" >\n\t\t\t\tLes billets d&rsquo;humeur de No\u00ebllie\t\t\t<\/a>\n\t\t<\/h3>\n\t\t\t\t<div class=\"elementor-post__meta-data\">\n\t\t\t\t\t<span class=\"elementor-post-date\">\n\t\t\t12 December 2023\t\t<\/span>\n\t\t\t\t<span class=\"elementor-post-avatar\">\n\t\t\tNo Comments\t\t<\/span>\n\t\t\t\t<\/div>\n\t\t\t\t<div class=\"elementor-post__excerpt\">\n\t\t\t<p>I- BIOGRAPHIE DE L\u2019AUTEUR No\u00ebllie Tamaris Ngomb\u00e9 est une blogueuse et auteure congolaise, titulaire d\u2019un Master en Marketing op\u00e9rationnel. Elle est fondatrice du collectif \u00ab\u00a0Entre<\/p>\n\t\t<\/div>\n\t\t\n\t\t<a class=\"elementor-post__read-more\" href=\"https:\/\/www.singularity-agence.com\/en\/le-dossier-litteraire\/les-billets-dhumeur-de-noellie\" >\n\t\t\tRead More \u00bb\t\t<\/a>\n\n\t\t\t\t<\/div>\n\t\t\t\t<\/article>\n\t\t\t\t<article class=\"elementor-post elementor-grid-item post-1856 post type-post status-publish format-standard has-post-thumbnail hentry category-le-dossier-litteraire tag-coeur-daryenne tag-jean-malonga tag-le-classique-congolais\">\n\t\t\t\t<a class=\"elementor-post__thumbnail__link\" href=\"https:\/\/www.singularity-agence.com\/en\/le-dossier-litteraire\/coeur-daryenne-le-classique-congolais\" >\n\t\t\t<div class=\"elementor-post__thumbnail\"><img decoding=\"async\" width=\"300\" height=\"300\" src=\"https:\/\/www.singularity-agence.com\/wp-content\/uploads\/2023\/10\/99665244-300x300.jpg\" class=\"attachment-medium size-medium wp-image-1892\" alt=\"\" srcset=\"https:\/\/www.singularity-agence.com\/wp-content\/uploads\/2023\/10\/99665244-300x300.jpg 300w, https:\/\/www.singularity-agence.com\/wp-content\/uploads\/2023\/10\/99665244-150x150.jpg 150w, https:\/\/www.singularity-agence.com\/wp-content\/uploads\/2023\/10\/99665244-12x12.jpg 12w, https:\/\/www.singularity-agence.com\/wp-content\/uploads\/2023\/10\/99665244.jpg 600w\" sizes=\"(max-width: 300px) 100vw, 300px\" \/><\/div>\n\t\t<\/a>\n\t\t\t\t<div class=\"elementor-post__text\">\n\t\t\t\t<h3 class=\"elementor-post__title\">\n\t\t\t<a href=\"https:\/\/www.singularity-agence.com\/en\/le-dossier-litteraire\/coeur-daryenne-le-classique-congolais\" >\n\t\t\t\t\u00ab C\u0153ur d&rsquo;Aryenne \u00bb, le classique congolais.\t\t\t<\/a>\n\t\t<\/h3>\n\t\t\t\t<div class=\"elementor-post__meta-data\">\n\t\t\t\t\t<span class=\"elementor-post-date\">\n\t\t\t10 November 2023\t\t<\/span>\n\t\t\t\t<span class=\"elementor-post-avatar\">\n\t\t\tNo Comments\t\t<\/span>\n\t\t\t\t<\/div>\n\t\t\t\t<div class=\"elementor-post__excerpt\">\n\t\t\t<p>I- Biographie de l&rsquo;auteur : N\u00e9 le 25 f\u00e9vrier 1907 \u00e0 Kibouend\u00e9 au Moyen-Congo (l&rsquo;actuel Congo Brazzaville), Jean Malonga est un \u00e9crivain congolais et un<\/p>\n\t\t<\/div>\n\t\t\n\t\t<a class=\"elementor-post__read-more\" href=\"https:\/\/www.singularity-agence.com\/en\/le-dossier-litteraire\/coeur-daryenne-le-classique-congolais\" >\n\t\t\tRead More \u00bb\t\t<\/a>\n\n\t\t\t\t<\/div>\n\t\t\t\t<\/article>\n\t\t\t\t<article class=\"elementor-post elementor-grid-item post-1873 post type-post status-publish format-standard has-post-thumbnail hentry category-le-dossier-litteraire tag-chardin-de-saint-dzama tag-critique-litteraire tag-mavi-diabankana tag-on-est-tous-quelquun tag-saint-apotre-malanda\">\n\t\t\t\t<a class=\"elementor-post__thumbnail__link\" href=\"https:\/\/www.singularity-agence.com\/en\/le-dossier-litteraire\/nous-avons-lu-on-est-tous-quelquun-de-juvenale-obili-avis-et-partage\" >\n\t\t\t<div class=\"elementor-post__thumbnail\"><img decoding=\"async\" width=\"225\" height=\"300\" src=\"https:\/\/www.singularity-agence.com\/wp-content\/uploads\/2023\/07\/FB_IMG_1688423185360-1-225x300.jpg\" class=\"attachment-medium size-medium wp-image-1878\" alt=\"\" srcset=\"https:\/\/www.singularity-agence.com\/wp-content\/uploads\/2023\/07\/FB_IMG_1688423185360-1-225x300.jpg 225w, https:\/\/www.singularity-agence.com\/wp-content\/uploads\/2023\/07\/FB_IMG_1688423185360-1-768x1024.jpg 768w, https:\/\/www.singularity-agence.com\/wp-content\/uploads\/2023\/07\/FB_IMG_1688423185360-1-9x12.jpg 9w, https:\/\/www.singularity-agence.com\/wp-content\/uploads\/2023\/07\/FB_IMG_1688423185360-1.jpg 1080w\" sizes=\"(max-width: 225px) 100vw, 225px\" \/><\/div>\n\t\t<\/a>\n\t\t\t\t<div class=\"elementor-post__text\">\n\t\t\t\t<h3 class=\"elementor-post__title\">\n\t\t\t<a href=\"https:\/\/www.singularity-agence.com\/en\/le-dossier-litteraire\/nous-avons-lu-on-est-tous-quelquun-de-juvenale-obili-avis-et-partage\" >\n\t\t\t\tNous avons lu ON EST TOUS QUELQU&rsquo;UN de Juv\u00e9nale OBILI : avis et partage.\t\t\t<\/a>\n\t\t<\/h3>\n\t\t\t\t<div class=\"elementor-post__meta-data\">\n\t\t\t\t\t<span class=\"elementor-post-date\">\n\t\t\t5 July 2023\t\t<\/span>\n\t\t\t\t<span class=\"elementor-post-avatar\">\n\t\t\t2 Comments\t\t<\/span>\n\t\t\t\t<\/div>\n\t\t\t\t<div class=\"elementor-post__excerpt\">\n\t\t\t<p>Dans ce num\u00e9ro du Dossier Litt\u00e9raire, j&rsquo;aimerais vous partager une brochette des avis que j&rsquo;ai re\u00e7u des lecteurs de mon livre ON EST TOUS QUELQU&rsquo;UN. En effet, je suis l&rsquo;auteure de cet essai publi\u00e9 aux \u00c9ditions Cana le 16 mai 2022 en France. Il compte 88 pages sur lesquelles sont abord\u00e9es les questions li\u00e9es \u00e0 l&rsquo;essence ou la nature de l&rsquo;Homme, ainsi que les rapports qui existent entre l&rsquo;Homme et son cr\u00e9ateur, son entourage, son environnement, etc.<\/p>\n\t\t<\/div>\n\t\t\n\t\t<a class=\"elementor-post__read-more\" href=\"https:\/\/www.singularity-agence.com\/en\/le-dossier-litteraire\/nous-avons-lu-on-est-tous-quelquun-de-juvenale-obili-avis-et-partage\" >\n\t\t\tRead More \u00bb\t\t<\/a>\n\n\t\t\t\t<\/div>\n\t\t\t\t<\/article>\n\t\t\t\t<article class=\"elementor-post elementor-grid-item post-1787 post type-post status-publish format-standard has-post-thumbnail hentry category-le-dossier-litteraire tag-les-impliques-editeur tag-quiddite-partagee-du-destin-de-gaston-david-obili tag-thierry-cyriaque-obili\">\n\t\t\t\t<a class=\"elementor-post__thumbnail__link\" href=\"https:\/\/www.singularity-agence.com\/en\/le-dossier-litteraire\/www-singularity-agence_quidditepartagee-com\" >\n\t\t\t<div class=\"elementor-post__thumbnail\"><img loading=\"lazy\" decoding=\"async\" width=\"300\" height=\"296\" src=\"https:\/\/www.singularity-agence.com\/wp-content\/uploads\/2022\/04\/Screenshot_20220406-151709_GBWhatsApp-1-300x296.jpg\" class=\"attachment-medium size-medium wp-image-1791\" alt=\"\" srcset=\"https:\/\/www.singularity-agence.com\/wp-content\/uploads\/2022\/04\/Screenshot_20220406-151709_GBWhatsApp-1-300x296.jpg 300w, https:\/\/www.singularity-agence.com\/wp-content\/uploads\/2022\/04\/Screenshot_20220406-151709_GBWhatsApp-1-1024x1009.jpg 1024w, https:\/\/www.singularity-agence.com\/wp-content\/uploads\/2022\/04\/Screenshot_20220406-151709_GBWhatsApp-1-768x757.jpg 768w, https:\/\/www.singularity-agence.com\/wp-content\/uploads\/2022\/04\/Screenshot_20220406-151709_GBWhatsApp-1-12x12.jpg 12w, https:\/\/www.singularity-agence.com\/wp-content\/uploads\/2022\/04\/Screenshot_20220406-151709_GBWhatsApp-1.jpg 1080w\" sizes=\"(max-width: 300px) 100vw, 300px\" \/><\/div>\n\t\t<\/a>\n\t\t\t\t<div class=\"elementor-post__text\">\n\t\t\t\t<h3 class=\"elementor-post__title\">\n\t\t\t<a href=\"https:\/\/www.singularity-agence.com\/en\/le-dossier-litteraire\/www-singularity-agence_quidditepartagee-com\" >\n\t\t\t\tQuiddit\u00e9 partag\u00e9e du destin de Gaston David OBILI: un ouvrage de Thierry Cyriaque OBILI.\t\t\t<\/a>\n\t\t<\/h3>\n\t\t\t\t<div class=\"elementor-post__meta-data\">\n\t\t\t\t\t<span class=\"elementor-post-date\">\n\t\t\t23 April 2022\t\t<\/span>\n\t\t\t\t<span class=\"elementor-post-avatar\">\n\t\t\t5 Comments\t\t<\/span>\n\t\t\t\t<\/div>\n\t\t\t\t<div class=\"elementor-post__excerpt\">\n\t\t\t<p>Quiddit\u00e9 partag\u00e9e du destin de Gaston David OBILI est un essai historique qui rend hommage \u00e0 Gaston David OBILI, \u00e0 titre anthume. En parall\u00e8le, cet essai fait la promotion de la culture mbochi des terroirs Koyo-Ngar\u00e9-Makoua du d\u00e9partement de la Cuvette.<\/p>\n\t\t<\/div>\n\t\t\n\t\t<a class=\"elementor-post__read-more\" href=\"https:\/\/www.singularity-agence.com\/en\/le-dossier-litteraire\/www-singularity-agence_quidditepartagee-com\" >\n\t\t\tRead More \u00bb\t\t<\/a>\n\n\t\t\t\t<\/div>\n\t\t\t\t<\/article>\n\t\t\t\t<article class=\"elementor-post elementor-grid-item post-1617 post type-post status-publish format-standard has-post-thumbnail hentry category-le-dossier-litteraire tag-dieudonne-niangouna tag-projetiles tag-reve-en-carton\">\n\t\t\t\t<a class=\"elementor-post__thumbnail__link\" href=\"https:\/\/www.singularity-agence.com\/en\/le-dossier-litteraire\/reve-en-carton\" >\n\t\t\t<div class=\"elementor-post__thumbnail\"><img loading=\"lazy\" decoding=\"async\" width=\"225\" height=\"300\" src=\"https:\/\/www.singularity-agence.com\/wp-content\/uploads\/2022\/01\/WhatsApp-Image-2021-12-22-at-09.54.23-225x300.jpeg\" class=\"attachment-medium size-medium wp-image-1628\" alt=\"Dieudonne-niangouna\" srcset=\"https:\/\/www.singularity-agence.com\/wp-content\/uploads\/2022\/01\/WhatsApp-Image-2021-12-22-at-09.54.23-225x300.jpeg 225w, https:\/\/www.singularity-agence.com\/wp-content\/uploads\/2022\/01\/WhatsApp-Image-2021-12-22-at-09.54.23.jpeg 720w\" sizes=\"(max-width: 225px) 100vw, 225px\" \/><\/div>\n\t\t<\/a>\n\t\t\t\t<div class=\"elementor-post__text\">\n\t\t\t\t<h3 class=\"elementor-post__title\">\n\t\t\t<a href=\"https:\/\/www.singularity-agence.com\/en\/le-dossier-litteraire\/reve-en-carton\" >\n\t\t\t\tR\u00eave en Carton de Dieudonn\u00e9 NIANGOUNA.\t\t\t<\/a>\n\t\t<\/h3>\n\t\t\t\t<div class=\"elementor-post__meta-data\">\n\t\t\t\t\t<span class=\"elementor-post-date\">\n\t\t\t5 January 2022\t\t<\/span>\n\t\t\t\t<span class=\"elementor-post-avatar\">\n\t\t\t1 Comment\t\t<\/span>\n\t\t\t\t<\/div>\n\t\t\t\t<div class=\"elementor-post__excerpt\">\n\t\t\t<p>I- Biographie de l&rsquo;auteur Dieudonn\u00e9 Niangouna est dramaturge, metteur en sc\u00e8ne et com\u00e9dien n\u00e9 en 1976 \u00e0 Brazzaville (R\u00e9publique du Congo). Son th\u00e9\u00e2tre ambitionne de<\/p>\n\t\t<\/div>\n\t\t\n\t\t<a class=\"elementor-post__read-more\" href=\"https:\/\/www.singularity-agence.com\/en\/le-dossier-litteraire\/reve-en-carton\" >\n\t\t\tRead More \u00bb\t\t<\/a>\n\n\t\t\t\t<\/div>\n\t\t\t\t<\/article>\n\t\t\t\t<\/div>\n\n\n\t\t\n\t\t\t\t\t\t<\/div>\n\t\t\t\t<\/div>\n\t\t\t\t\t<\/div>\n\t\t<\/div>\n\t\t\t\t\t<\/div>\n\t\t<\/section>\n\t\t\t\t<\/div>","protected":false},"excerpt":{"rendered":"","protected":false},"author":1,"featured_media":0,"parent":0,"menu_order":0,"comment_status":"closed","ping_status":"closed","template":"","meta":{"site-sidebar-layout":"no-sidebar","site-content-layout":"page-builder","ast-site-content-layout":"default","site-content-style":"default","site-sidebar-style":"default","ast-global-header-display":"","ast-banner-title-visibility":"","ast-main-header-display":"","ast-hfb-above-header-display":"","ast-hfb-below-header-display":"","ast-hfb-mobile-header-display":"","site-post-title":"disabled","ast-breadcrumbs-content":"","ast-featured-img":"disabled","footer-sml-layout":"","theme-transparent-header-meta":"default","adv-header-id-meta":"","stick-header-meta":"","header-above-stick-meta":"","header-main-stick-meta":"","header-below-stick-meta":"","astra-migrate-meta-layouts":"default","ast-page-background-enabled":"default","ast-page-background-meta":{"desktop":{"background-color":"","background-image":"","background-repeat":"repeat","background-position":"center center","background-size":"auto","background-attachment":"scroll","background-type":"","background-media":"","overlay-type":"","overlay-color":"","overlay-opacity":"","overlay-gradient":""},"tablet":{"background-color":"","background-image":"","background-repeat":"repeat","background-position":"center center","background-size":"auto","background-attachment":"scroll","background-type":"","background-media":"","overlay-type":"","overlay-color":"","overlay-opacity":"","overlay-gradient":""},"mobile":{"background-color":"","background-image":"","background-repeat":"repeat","background-position":"center center","background-size":"auto","background-attachment":"scroll","background-type":"","background-media":"","overlay-type":"","overlay-color":"","overlay-opacity":"","overlay-gradient":""}},"ast-content-background-meta":{"desktop":{"background-color":"var(--ast-global-color-5)","background-image":"","background-repeat":"repeat","background-position":"center center","background-size":"auto","background-attachment":"scroll","background-type":"","background-media":"","overlay-type":"","overlay-color":"","overlay-opacity":"","overlay-gradient":""},"tablet":{"background-color":"var(--ast-global-color-5)","background-image":"","background-repeat":"repeat","background-position":"center center","background-size":"auto","background-attachment":"scroll","background-type":"","background-media":"","overlay-type":"","overlay-color":"","overlay-opacity":"","overlay-gradient":""},"mobile":{"background-color":"var(--ast-global-color-5)","background-image":"","background-repeat":"repeat","background-position":"center center","background-size":"auto","background-attachment":"scroll","background-type":"","background-media":"","overlay-type":"","overlay-color":"","overlay-opacity":"","overlay-gradient":""}},"footnotes":""},"class_list":["post-1695","page","type-page","status-publish","hentry"],"yoast_head":"<!-- This site is optimized with the Yoast SEO plugin v26.2 - https:\/\/yoast.com\/wordpress\/plugins\/seo\/ -->\n<title>Le dossier litt\u00e9raire - Singularity<\/title>\n<meta name=\"robots\" content=\"index, follow, max-snippet:-1, max-image-preview:large, max-video-preview:-1\" \/>\n<link rel=\"canonical\" href=\"https:\/\/www.singularity-agence.com\/en\/le-dossier-litteraire\" \/>\n<meta property=\"og:locale\" content=\"en_US\" \/>\n<meta property=\"og:type\" content=\"article\" \/>\n<meta property=\"og:title\" content=\"Le dossier litt\u00e9raire - Singularity\" \/>\n<meta property=\"og:url\" content=\"https:\/\/www.singularity-agence.com\/en\/le-dossier-litteraire\" \/>\n<meta property=\"og:site_name\" content=\"Singularity\" \/>\n<meta property=\"article:modified_time\" content=\"2022-04-26T11:43:33+00:00\" \/>\n<meta name=\"twitter:card\" content=\"summary_large_image\" \/>\n<script type=\"application\/ld+json\" class=\"yoast-schema-graph\">{\"@context\":\"https:\/\/schema.org\",\"@graph\":[{\"@type\":\"WebPage\",\"@id\":\"https:\/\/www.singularity-agence.com\/en\/le-dossier-litteraire\",\"url\":\"https:\/\/www.singularity-agence.com\/en\/le-dossier-litteraire\",\"name\":\"Le dossier litt\u00e9raire - Singularity\",\"isPartOf\":{\"@id\":\"https:\/\/www.seagreen-mandrill-852758.hostingersite.com\/#website\"},\"datePublished\":\"2022-04-20T10:59:23+00:00\",\"dateModified\":\"2022-04-26T11:43:33+00:00\",\"breadcrumb\":{\"@id\":\"https:\/\/www.singularity-agence.com\/en\/le-dossier-litteraire#breadcrumb\"},\"inLanguage\":\"en-US\",\"potentialAction\":[{\"@type\":\"ReadAction\",\"target\":[\"https:\/\/www.singularity-agence.com\/en\/le-dossier-litteraire\"]}]},{\"@type\":\"BreadcrumbList\",\"@id\":\"https:\/\/www.singularity-agence.com\/en\/le-dossier-litteraire#breadcrumb\",\"itemListElement\":[{\"@type\":\"ListItem\",\"position\":1,\"name\":\"Accueil\",\"item\":\"https:\/\/www.singularity-agence.com\/\"},{\"@type\":\"ListItem\",\"position\":2,\"name\":\"Le dossier litt\u00e9raire\"}]},{\"@type\":\"WebSite\",\"@id\":\"https:\/\/www.seagreen-mandrill-852758.hostingersite.com\/#website\",\"url\":\"https:\/\/www.seagreen-mandrill-852758.hostingersite.com\/\",\"name\":\"Singularity\",\"description\":\"Agence litt\u00e9raire\",\"publisher\":{\"@id\":\"https:\/\/www.seagreen-mandrill-852758.hostingersite.com\/#organization\"},\"potentialAction\":[{\"@type\":\"SearchAction\",\"target\":{\"@type\":\"EntryPoint\",\"urlTemplate\":\"https:\/\/www.seagreen-mandrill-852758.hostingersite.com\/?s={search_term_string}\"},\"query-input\":{\"@type\":\"PropertyValueSpecification\",\"valueRequired\":true,\"valueName\":\"search_term_string\"}}],\"inLanguage\":\"en-US\"},{\"@type\":\"Organization\",\"@id\":\"https:\/\/www.seagreen-mandrill-852758.hostingersite.com\/#organization\",\"name\":\"Singularity\",\"url\":\"https:\/\/www.seagreen-mandrill-852758.hostingersite.com\/\",\"logo\":{\"@type\":\"ImageObject\",\"inLanguage\":\"en-US\",\"@id\":\"https:\/\/www.seagreen-mandrill-852758.hostingersite.com\/#\/schema\/logo\/image\/\",\"url\":\"https:\/\/www.singularity-agence.com\/wp-content\/uploads\/2021\/12\/cropped-IMG_20210928_121521.png\",\"contentUrl\":\"https:\/\/www.singularity-agence.com\/wp-content\/uploads\/2021\/12\/cropped-IMG_20210928_121521.png\",\"width\":535,\"height\":509,\"caption\":\"Singularity\"},\"image\":{\"@id\":\"https:\/\/www.seagreen-mandrill-852758.hostingersite.com\/#\/schema\/logo\/image\/\"}}]}<\/script>\n<!-- \/ Yoast SEO plugin. -->","yoast_head_json":{"title":"Le dossier litt\u00e9raire - Singularity","robots":{"index":"index","follow":"follow","max-snippet":"max-snippet:-1","max-image-preview":"max-image-preview:large","max-video-preview":"max-video-preview:-1"},"canonical":"https:\/\/www.singularity-agence.com\/en\/le-dossier-litteraire","og_locale":"en_US","og_type":"article","og_title":"Le dossier litt\u00e9raire - Singularity","og_url":"https:\/\/www.singularity-agence.com\/en\/le-dossier-litteraire","og_site_name":"Singularity","article_modified_time":"2022-04-26T11:43:33+00:00","twitter_card":"summary_large_image","schema":{"@context":"https:\/\/schema.org","@graph":[{"@type":"WebPage","@id":"https:\/\/www.singularity-agence.com\/en\/le-dossier-litteraire","url":"https:\/\/www.singularity-agence.com\/en\/le-dossier-litteraire","name":"Le dossier litt\u00e9raire - Singularity","isPartOf":{"@id":"https:\/\/www.seagreen-mandrill-852758.hostingersite.com\/#website"},"datePublished":"2022-04-20T10:59:23+00:00","dateModified":"2022-04-26T11:43:33+00:00","breadcrumb":{"@id":"https:\/\/www.singularity-agence.com\/en\/le-dossier-litteraire#breadcrumb"},"inLanguage":"en-US","potentialAction":[{"@type":"ReadAction","target":["https:\/\/www.singularity-agence.com\/en\/le-dossier-litteraire"]}]},{"@type":"BreadcrumbList","@id":"https:\/\/www.singularity-agence.com\/en\/le-dossier-litteraire#breadcrumb","itemListElement":[{"@type":"ListItem","position":1,"name":"Accueil","item":"https:\/\/www.singularity-agence.com\/"},{"@type":"ListItem","position":2,"name":"Le dossier litt\u00e9raire"}]},{"@type":"WebSite","@id":"https:\/\/www.seagreen-mandrill-852758.hostingersite.com\/#website","url":"https:\/\/www.seagreen-mandrill-852758.hostingersite.com\/","name":"Singularity","description":"Agence litt\u00e9raire","publisher":{"@id":"https:\/\/www.seagreen-mandrill-852758.hostingersite.com\/#organization"},"potentialAction":[{"@type":"SearchAction","target":{"@type":"EntryPoint","urlTemplate":"https:\/\/www.seagreen-mandrill-852758.hostingersite.com\/?s={search_term_string}"},"query-input":{"@type":"PropertyValueSpecification","valueRequired":true,"valueName":"search_term_string"}}],"inLanguage":"en-US"},{"@type":"Organization","@id":"https:\/\/www.seagreen-mandrill-852758.hostingersite.com\/#organization","name":"Singularity","url":"https:\/\/www.seagreen-mandrill-852758.hostingersite.com\/","logo":{"@type":"ImageObject","inLanguage":"en-US","@id":"https:\/\/www.seagreen-mandrill-852758.hostingersite.com\/#\/schema\/logo\/image\/","url":"https:\/\/www.singularity-agence.com\/wp-content\/uploads\/2021\/12\/cropped-IMG_20210928_121521.png","contentUrl":"https:\/\/www.singularity-agence.com\/wp-content\/uploads\/2021\/12\/cropped-IMG_20210928_121521.png","width":535,"height":509,"caption":"Singularity"},"image":{"@id":"https:\/\/www.seagreen-mandrill-852758.hostingersite.com\/#\/schema\/logo\/image\/"}}]}},"_links":{"self":[{"href":"https:\/\/www.singularity-agence.com\/en\/wp-json\/wp\/v2\/pages\/1695","targetHints":{"allow":["GET"]}}],"collection":[{"href":"https:\/\/www.singularity-agence.com\/en\/wp-json\/wp\/v2\/pages"}],"about":[{"href":"https:\/\/www.singularity-agence.com\/en\/wp-json\/wp\/v2\/types\/page"}],"author":[{"embeddable":true,"href":"https:\/\/www.singularity-agence.com\/en\/wp-json\/wp\/v2\/users\/1"}],"replies":[{"embeddable":true,"href":"https:\/\/www.singularity-agence.com\/en\/wp-json\/wp\/v2\/comments?post=1695"}],"version-history":[{"count":4,"href":"https:\/\/www.singularity-agence.com\/en\/wp-json\/wp\/v2\/pages\/1695\/revisions"}],"predecessor-version":[{"id":1809,"href":"https:\/\/www.singularity-agence.com\/en\/wp-json\/wp\/v2\/pages\/1695\/revisions\/1809"}],"wp:attachment":[{"href":"https:\/\/www.singularity-agence.com\/en\/wp-json\/wp\/v2\/media?parent=1695"}],"curies":[{"name":"wp","href":"https:\/\/api.w.org\/{rel}","templated":true}]}}