{"id":1701,"date":"2022-04-20T11:00:44","date_gmt":"2022-04-20T11:00:44","guid":{"rendered":"https:\/\/www.singularity-agence.com\/?page_id=1701"},"modified":"2022-04-26T11:45:01","modified_gmt":"2022-04-26T11:45:01","slug":"que-dit-le-cinema","status":"publish","type":"page","link":"https:\/\/www.singularity-agence.com\/en\/que-dit-le-cinema","title":{"rendered":"Que dit le cin\u00e9ma ?"},"content":{"rendered":"<div data-elementor-type=\"wp-page\" data-elementor-id=\"1701\" class=\"elementor elementor-1701\">\n\t\t\t\t\t\t<section class=\"elementor-section elementor-top-section elementor-element elementor-element-afdf743 elementor-section-boxed elementor-section-height-default elementor-section-height-default\" data-id=\"afdf743\" data-element_type=\"section\">\n\t\t\t\t\t\t<div class=\"elementor-container elementor-column-gap-default\">\n\t\t\t\t\t<div class=\"elementor-column elementor-col-100 elementor-top-column elementor-element elementor-element-110ee9e\" data-id=\"110ee9e\" data-element_type=\"column\">\n\t\t\t<div class=\"elementor-widget-wrap elementor-element-populated\">\n\t\t\t\t\t\t<div class=\"elementor-element elementor-element-3aa1430 elementor-grid-3 elementor-grid-tablet-2 elementor-grid-mobile-1 elementor-posts--thumbnail-top elementor-widget elementor-widget-posts\" data-id=\"3aa1430\" data-element_type=\"widget\" data-settings=\"{&quot;classic_columns&quot;:&quot;3&quot;,&quot;classic_columns_tablet&quot;:&quot;2&quot;,&quot;classic_columns_mobile&quot;:&quot;1&quot;,&quot;classic_row_gap&quot;:{&quot;unit&quot;:&quot;px&quot;,&quot;size&quot;:35,&quot;sizes&quot;:[]},&quot;classic_row_gap_tablet&quot;:{&quot;unit&quot;:&quot;px&quot;,&quot;size&quot;:&quot;&quot;,&quot;sizes&quot;:[]},&quot;classic_row_gap_mobile&quot;:{&quot;unit&quot;:&quot;px&quot;,&quot;size&quot;:&quot;&quot;,&quot;sizes&quot;:[]}}\" data-widget_type=\"posts.classic\">\n\t\t\t\t<div class=\"elementor-widget-container\">\n\t\t\t\t\t\t\t<div class=\"elementor-posts-container elementor-posts elementor-posts--skin-classic elementor-grid\">\n\t\t\t\t<article class=\"elementor-post elementor-grid-item post-1818 post type-post status-publish format-standard has-post-thumbnail hentry category-que-dit-le-cinema tag-egalite tag-katherine-jonhson tag-les-figures-de-lombre tag-nasa\">\n\t\t\t\t<a class=\"elementor-post__thumbnail__link\" href=\"https:\/\/www.singularity-agence.com\/en\/que-dit-le-cinema\/les-figures-de-lombre-dapres-une-histoire-vraie\" >\n\t\t\t<div class=\"elementor-post__thumbnail\"><img fetchpriority=\"high\" decoding=\"async\" width=\"225\" height=\"300\" src=\"https:\/\/www.singularity-agence.com\/wp-content\/uploads\/2023\/06\/573198-225x300.jpg\" class=\"attachment-medium size-medium wp-image-1869\" alt=\"\" srcset=\"https:\/\/www.singularity-agence.com\/wp-content\/uploads\/2023\/06\/573198-225x300.jpg 225w, https:\/\/www.singularity-agence.com\/wp-content\/uploads\/2023\/06\/573198-768x1024.jpg 768w, https:\/\/www.singularity-agence.com\/wp-content\/uploads\/2023\/06\/573198-1152x1536.jpg 1152w, https:\/\/www.singularity-agence.com\/wp-content\/uploads\/2023\/06\/573198-9x12.jpg 9w, https:\/\/www.singularity-agence.com\/wp-content\/uploads\/2023\/06\/573198.jpg 1200w\" sizes=\"(max-width: 225px) 100vw, 225px\" \/><\/div>\n\t\t<\/a>\n\t\t\t\t<div class=\"elementor-post__text\">\n\t\t\t\t<h3 class=\"elementor-post__title\">\n\t\t\t<a href=\"https:\/\/www.singularity-agence.com\/en\/que-dit-le-cinema\/les-figures-de-lombre-dapres-une-histoire-vraie\" >\n\t\t\t\tLes figures de l&rsquo;ombre, d&rsquo;apr\u00e8s une histoire vraie.\t\t\t<\/a>\n\t\t<\/h3>\n\t\t\t\t<div class=\"elementor-post__meta-data\">\n\t\t\t\t\t<span class=\"elementor-post-date\">\n\t\t\t14 June 2023\t\t<\/span>\n\t\t\t\t<span class=\"elementor-post-avatar\">\n\t\t\tNo Comments\t\t<\/span>\n\t\t\t\t<\/div>\n\t\t\t\t<div class=\"elementor-post__excerpt\">\n\t\t\t<p>C\u2019est une histoire dramatique de 2h7mins r\u00e9alis\u00e9e par Th\u00e9odore Melfi et produite par les Soci\u00e9t\u00e9s de production Fox 2000 Pictures, aux Etats-Unis. Dans ce film, on nous parle de trois (3) brillantes scientifiques qui ont pay\u00e9 le prix pour marquer leur temps par leur destin\u00e9e. Deux ont excell\u00e9 dans leurs carri\u00e8res professionnelles pour le compte de la NASA, respectivement,\u00a0Kath\u00e9rine Coleman Jonhson\u00a0en tant que calculatrice humaine et\u00a0Dorothy Vaughan\u00a0en tant que responsable du d\u00e9partement de calculs informatiques. Quant \u00e0\u00a0Mary Jackson, elle a r\u00e9alis\u00e9 son r\u00eave d\u2019\u00eatre la premi\u00e8re Afro-Am\u00e9ricaine ing\u00e9nieure en a\u00e9ronautique.<\/p>\n\t\t<\/div>\n\t\t\n\t\t<a class=\"elementor-post__read-more\" href=\"https:\/\/www.singularity-agence.com\/en\/que-dit-le-cinema\/les-figures-de-lombre-dapres-une-histoire-vraie\" >\n\t\t\tRead More \u00bb\t\t<\/a>\n\n\t\t\t\t<\/div>\n\t\t\t\t<\/article>\n\t\t\t\t<article class=\"elementor-post elementor-grid-item post-1827 post type-post status-publish format-standard has-post-thumbnail hentry category-que-dit-le-cinema tag-christopher-nolan tag-cinema-americano-britannique tag-leonardo-dicaprio\">\n\t\t\t\t<a class=\"elementor-post__thumbnail__link\" href=\"https:\/\/www.singularity-agence.com\/en\/que-dit-le-cinema\/quand-un-reve-devient-partage-inception\" >\n\t\t\t<div class=\"elementor-post__thumbnail\"><img decoding=\"async\" width=\"300\" height=\"169\" src=\"https:\/\/www.singularity-agence.com\/wp-content\/uploads\/2022\/06\/inception1-300x169.jpg\" class=\"attachment-medium size-medium wp-image-1831\" alt=\"\" srcset=\"https:\/\/www.singularity-agence.com\/wp-content\/uploads\/2022\/06\/inception1-300x169.jpg 300w, https:\/\/www.singularity-agence.com\/wp-content\/uploads\/2022\/06\/inception1-1024x576.jpg 1024w, https:\/\/www.singularity-agence.com\/wp-content\/uploads\/2022\/06\/inception1-768x432.jpg 768w, https:\/\/www.singularity-agence.com\/wp-content\/uploads\/2022\/06\/inception1-1536x864.jpg 1536w, https:\/\/www.singularity-agence.com\/wp-content\/uploads\/2022\/06\/inception1-18x10.jpg 18w, https:\/\/www.singularity-agence.com\/wp-content\/uploads\/2022\/06\/inception1.jpg 1920w\" sizes=\"(max-width: 300px) 100vw, 300px\" \/><\/div>\n\t\t<\/a>\n\t\t\t\t<div class=\"elementor-post__text\">\n\t\t\t\t<h3 class=\"elementor-post__title\">\n\t\t\t<a href=\"https:\/\/www.singularity-agence.com\/en\/que-dit-le-cinema\/quand-un-reve-devient-partage-inception\" >\n\t\t\t\tQuand un r\u00eave devient partag\u00e9 : INCEPTION.\t\t\t<\/a>\n\t\t<\/h3>\n\t\t\t\t<div class=\"elementor-post__meta-data\">\n\t\t\t\t\t<span class=\"elementor-post-date\">\n\t\t\t27 June 2022\t\t<\/span>\n\t\t\t\t<span class=\"elementor-post-avatar\">\n\t\t\tNo Comments\t\t<\/span>\n\t\t\t\t<\/div>\n\t\t\t\t<div class=\"elementor-post__excerpt\">\n\t\t\t<p>INCEPTION est un film science fiction de Christopher Nolan. Le c\u00e9l\u00e8bre r\u00e9alisateur, sc\u00e9nariste et producteur nous emm\u00e8ne dans une Am\u00e9rique o\u00f9 l&rsquo;exp\u00e9rience du r\u00eave partag\u00e9 est possible.<\/p>\n\t\t<\/div>\n\t\t\n\t\t<a class=\"elementor-post__read-more\" href=\"https:\/\/www.singularity-agence.com\/en\/que-dit-le-cinema\/quand-un-reve-devient-partage-inception\" >\n\t\t\tRead More \u00bb\t\t<\/a>\n\n\t\t\t\t<\/div>\n\t\t\t\t<\/article>\n\t\t\t\t<\/div>\n\n\n\t\t\n\t\t\t\t\t\t<\/div>\n\t\t\t\t<\/div>\n\t\t\t\t\t<\/div>\n\t\t<\/div>\n\t\t\t\t\t<\/div>\n\t\t<\/section>\n\t\t\t\t<\/div>","protected":false},"excerpt":{"rendered":"","protected":false},"author":1,"featured_media":0,"parent":0,"menu_order":0,"comment_status":"closed","ping_status":"closed","template":"","meta":{"site-sidebar-layout":"no-sidebar","site-content-layout":"page-builder","ast-site-content-layout":"default","site-content-style":"default","site-sidebar-style":"default","ast-global-header-display":"","ast-banner-title-visibility":"","ast-main-header-display":"","ast-hfb-above-header-display":"","ast-hfb-below-header-display":"","ast-hfb-mobile-header-display":"","site-post-title":"disabled","ast-breadcrumbs-content":"","ast-featured-img":"disabled","footer-sml-layout":"","theme-transparent-header-meta":"default","adv-header-id-meta":"","stick-header-meta":"","header-above-stick-meta":"","header-main-stick-meta":"","header-below-stick-meta":"","astra-migrate-meta-layouts":"default","ast-page-background-enabled":"default","ast-page-background-meta":{"desktop":{"background-color":"","background-image":"","background-repeat":"repeat","background-position":"center center","background-size":"auto","background-attachment":"scroll","background-type":"","background-media":"","overlay-type":"","overlay-color":"","overlay-opacity":"","overlay-gradient":""},"tablet":{"background-color":"","background-image":"","background-repeat":"repeat","background-position":"center center","background-size":"auto","background-attachment":"scroll","background-type":"","background-media":"","overlay-type":"","overlay-color":"","overlay-opacity":"","overlay-gradient":""},"mobile":{"background-color":"","background-image":"","background-repeat":"repeat","background-position":"center center","background-size":"auto","background-attachment":"scroll","background-type":"","background-media":"","overlay-type":"","overlay-color":"","overlay-opacity":"","overlay-gradient":""}},"ast-content-background-meta":{"desktop":{"background-color":"var(--ast-global-color-5)","background-image":"","background-repeat":"repeat","background-position":"center center","background-size":"auto","background-attachment":"scroll","background-type":"","background-media":"","overlay-type":"","overlay-color":"","overlay-opacity":"","overlay-gradient":""},"tablet":{"background-color":"var(--ast-global-color-5)","background-image":"","background-repeat":"repeat","background-position":"center center","background-size":"auto","background-attachment":"scroll","background-type":"","background-media":"","overlay-type":"","overlay-color":"","overlay-opacity":"","overlay-gradient":""},"mobile":{"background-color":"var(--ast-global-color-5)","background-image":"","background-repeat":"repeat","background-position":"center center","background-size":"auto","background-attachment":"scroll","background-type":"","background-media":"","overlay-type":"","overlay-color":"","overlay-opacity":"","overlay-gradient":""}},"footnotes":""},"class_list":["post-1701","page","type-page","status-publish","hentry"],"yoast_head":"<!-- This site is optimized with the Yoast SEO plugin v26.2 - https:\/\/yoast.com\/wordpress\/plugins\/seo\/ -->\n<title>Que dit le cin\u00e9ma ? - Singularity<\/title>\n<meta name=\"robots\" content=\"index, follow, max-snippet:-1, max-image-preview:large, max-video-preview:-1\" \/>\n<link rel=\"canonical\" href=\"https:\/\/www.singularity-agence.com\/en\/que-dit-le-cinema\/\" \/>\n<meta property=\"og:locale\" content=\"en_US\" \/>\n<meta property=\"og:type\" content=\"article\" \/>\n<meta property=\"og:title\" content=\"Que dit le cin\u00e9ma ? - Singularity\" \/>\n<meta property=\"og:url\" content=\"https:\/\/www.singularity-agence.com\/en\/que-dit-le-cinema\/\" \/>\n<meta property=\"og:site_name\" content=\"Singularity\" \/>\n<meta property=\"article:modified_time\" content=\"2022-04-26T11:45:01+00:00\" \/>\n<meta name=\"twitter:card\" content=\"summary_large_image\" \/>\n<script type=\"application\/ld+json\" class=\"yoast-schema-graph\">{\"@context\":\"https:\/\/schema.org\",\"@graph\":[{\"@type\":\"WebPage\",\"@id\":\"https:\/\/www.singularity-agence.com\/que-dit-le-cinema\",\"url\":\"https:\/\/www.singularity-agence.com\/que-dit-le-cinema\",\"name\":\"Que dit le cin\u00e9ma ? - Singularity\",\"isPartOf\":{\"@id\":\"https:\/\/www.seagreen-mandrill-852758.hostingersite.com\/#website\"},\"datePublished\":\"2022-04-20T11:00:44+00:00\",\"dateModified\":\"2022-04-26T11:45:01+00:00\",\"breadcrumb\":{\"@id\":\"https:\/\/www.singularity-agence.com\/que-dit-le-cinema#breadcrumb\"},\"inLanguage\":\"en-US\",\"potentialAction\":[{\"@type\":\"ReadAction\",\"target\":[\"https:\/\/www.singularity-agence.com\/que-dit-le-cinema\"]}]},{\"@type\":\"BreadcrumbList\",\"@id\":\"https:\/\/www.singularity-agence.com\/que-dit-le-cinema#breadcrumb\",\"itemListElement\":[{\"@type\":\"ListItem\",\"position\":1,\"name\":\"Accueil\",\"item\":\"https:\/\/www.singularity-agence.com\/\"},{\"@type\":\"ListItem\",\"position\":2,\"name\":\"Que dit le cin\u00e9ma ?\"}]},{\"@type\":\"WebSite\",\"@id\":\"https:\/\/www.seagreen-mandrill-852758.hostingersite.com\/#website\",\"url\":\"https:\/\/www.seagreen-mandrill-852758.hostingersite.com\/\",\"name\":\"Singularity\",\"description\":\"Agence litt\u00e9raire\",\"publisher\":{\"@id\":\"https:\/\/www.seagreen-mandrill-852758.hostingersite.com\/#organization\"},\"potentialAction\":[{\"@type\":\"SearchAction\",\"target\":{\"@type\":\"EntryPoint\",\"urlTemplate\":\"https:\/\/www.seagreen-mandrill-852758.hostingersite.com\/?s={search_term_string}\"},\"query-input\":{\"@type\":\"PropertyValueSpecification\",\"valueRequired\":true,\"valueName\":\"search_term_string\"}}],\"inLanguage\":\"en-US\"},{\"@type\":\"Organization\",\"@id\":\"https:\/\/www.seagreen-mandrill-852758.hostingersite.com\/#organization\",\"name\":\"Singularity\",\"url\":\"https:\/\/www.seagreen-mandrill-852758.hostingersite.com\/\",\"logo\":{\"@type\":\"ImageObject\",\"inLanguage\":\"en-US\",\"@id\":\"https:\/\/www.seagreen-mandrill-852758.hostingersite.com\/#\/schema\/logo\/image\/\",\"url\":\"https:\/\/www.singularity-agence.com\/wp-content\/uploads\/2021\/12\/cropped-IMG_20210928_121521.png\",\"contentUrl\":\"https:\/\/www.singularity-agence.com\/wp-content\/uploads\/2021\/12\/cropped-IMG_20210928_121521.png\",\"width\":535,\"height\":509,\"caption\":\"Singularity\"},\"image\":{\"@id\":\"https:\/\/www.seagreen-mandrill-852758.hostingersite.com\/#\/schema\/logo\/image\/\"}}]}<\/script>\n<!-- \/ Yoast SEO plugin. -->","yoast_head_json":{"title":"Que dit le cin\u00e9ma ? - Singularity","robots":{"index":"index","follow":"follow","max-snippet":"max-snippet:-1","max-image-preview":"max-image-preview:large","max-video-preview":"max-video-preview:-1"},"canonical":"https:\/\/www.singularity-agence.com\/en\/que-dit-le-cinema\/","og_locale":"en_US","og_type":"article","og_title":"Que dit le cin\u00e9ma ? - Singularity","og_url":"https:\/\/www.singularity-agence.com\/en\/que-dit-le-cinema\/","og_site_name":"Singularity","article_modified_time":"2022-04-26T11:45:01+00:00","twitter_card":"summary_large_image","schema":{"@context":"https:\/\/schema.org","@graph":[{"@type":"WebPage","@id":"https:\/\/www.singularity-agence.com\/que-dit-le-cinema","url":"https:\/\/www.singularity-agence.com\/que-dit-le-cinema","name":"Que dit le cin\u00e9ma ? - Singularity","isPartOf":{"@id":"https:\/\/www.seagreen-mandrill-852758.hostingersite.com\/#website"},"datePublished":"2022-04-20T11:00:44+00:00","dateModified":"2022-04-26T11:45:01+00:00","breadcrumb":{"@id":"https:\/\/www.singularity-agence.com\/que-dit-le-cinema#breadcrumb"},"inLanguage":"en-US","potentialAction":[{"@type":"ReadAction","target":["https:\/\/www.singularity-agence.com\/que-dit-le-cinema"]}]},{"@type":"BreadcrumbList","@id":"https:\/\/www.singularity-agence.com\/que-dit-le-cinema#breadcrumb","itemListElement":[{"@type":"ListItem","position":1,"name":"Accueil","item":"https:\/\/www.singularity-agence.com\/"},{"@type":"ListItem","position":2,"name":"Que dit le cin\u00e9ma ?"}]},{"@type":"WebSite","@id":"https:\/\/www.seagreen-mandrill-852758.hostingersite.com\/#website","url":"https:\/\/www.seagreen-mandrill-852758.hostingersite.com\/","name":"Singularity","description":"Agence litt\u00e9raire","publisher":{"@id":"https:\/\/www.seagreen-mandrill-852758.hostingersite.com\/#organization"},"potentialAction":[{"@type":"SearchAction","target":{"@type":"EntryPoint","urlTemplate":"https:\/\/www.seagreen-mandrill-852758.hostingersite.com\/?s={search_term_string}"},"query-input":{"@type":"PropertyValueSpecification","valueRequired":true,"valueName":"search_term_string"}}],"inLanguage":"en-US"},{"@type":"Organization","@id":"https:\/\/www.seagreen-mandrill-852758.hostingersite.com\/#organization","name":"Singularity","url":"https:\/\/www.seagreen-mandrill-852758.hostingersite.com\/","logo":{"@type":"ImageObject","inLanguage":"en-US","@id":"https:\/\/www.seagreen-mandrill-852758.hostingersite.com\/#\/schema\/logo\/image\/","url":"https:\/\/www.singularity-agence.com\/wp-content\/uploads\/2021\/12\/cropped-IMG_20210928_121521.png","contentUrl":"https:\/\/www.singularity-agence.com\/wp-content\/uploads\/2021\/12\/cropped-IMG_20210928_121521.png","width":535,"height":509,"caption":"Singularity"},"image":{"@id":"https:\/\/www.seagreen-mandrill-852758.hostingersite.com\/#\/schema\/logo\/image\/"}}]}},"_links":{"self":[{"href":"https:\/\/www.singularity-agence.com\/en\/wp-json\/wp\/v2\/pages\/1701","targetHints":{"allow":["GET"]}}],"collection":[{"href":"https:\/\/www.singularity-agence.com\/en\/wp-json\/wp\/v2\/pages"}],"about":[{"href":"https:\/\/www.singularity-agence.com\/en\/wp-json\/wp\/v2\/types\/page"}],"author":[{"embeddable":true,"href":"https:\/\/www.singularity-agence.com\/en\/wp-json\/wp\/v2\/users\/1"}],"replies":[{"embeddable":true,"href":"https:\/\/www.singularity-agence.com\/en\/wp-json\/wp\/v2\/comments?post=1701"}],"version-history":[{"count":4,"href":"https:\/\/www.singularity-agence.com\/en\/wp-json\/wp\/v2\/pages\/1701\/revisions"}],"predecessor-version":[{"id":1810,"href":"https:\/\/www.singularity-agence.com\/en\/wp-json\/wp\/v2\/pages\/1701\/revisions\/1810"}],"wp:attachment":[{"href":"https:\/\/www.singularity-agence.com\/en\/wp-json\/wp\/v2\/media?parent=1701"}],"curies":[{"name":"wp","href":"https:\/\/api.w.org\/{rel}","templated":true}]}}